{"id":16,"date":"2021-05-11T13:43:49","date_gmt":"2021-05-11T13:43:49","guid":{"rendered":"http:\/\/box5826\/cgi\/addon_GT.cgi?s=GT::WP::Install::EIG+%28hipstore%29+-+10.0.87.10+%5BWordpress%3b+\/var\/hp\/common\/lib\/Wordpress.pm%3b+409%3b+Hosting::gap_call%5D\/?page_id=3"},"modified":"2021-11-23T17:08:37","modified_gmt":"2021-11-23T16:08:37","slug":"privacy","status":"publish","type":"page","link":"https:\/\/primalabsa.ch\/it\/privacy\/","title":{"rendered":"Privacy Policy"},"content":{"rendered":"<h6><span style=\"font-weight: 400;\">Data di entrata in vigore: 12\/11\/2021<\/span><\/h6>\r\n<h2><b>Chi siamo<\/b><\/h2>\r\n<p><b>PRIMA Lab SA<\/b><\/p>\r\n<p><span style=\"font-weight: 400;\">Via Antonio Monti, 7<\/span><\/p>\r\n<p><span style=\"font-weight: 400;\">CH-6828 Balerna, Svizzera<\/span><\/p>\r\n<p><span style=\"font-weight: 400;\">proprietario del sito web <\/span><a href=\"https:\/\/primalabsa.ch\/it\/\"><span style=\"font-weight: 400;\">www.primalabsa.ch<\/span><\/a><span style=\"font-weight: 400;\"> (il \u201cServizio\u201d).<\/span><\/p>\r\n<h2><b>Definizioni<\/b><\/h2>\r\n<ul>\r\n<li style=\"font-weight: 400;\" aria-level=\"1\">\r\n<p><b>Servizio<\/b><span style=\"font-weight: 400;\">: \u00e8 il sito web <\/span><a href=\"https:\/\/primalabsa.ch\/it\/\"><span style=\"font-weight: 400;\">www.primalabsa.ch<\/span><\/a><span style=\"font-weight: 400;\"> gestito da PRIMA Lab SA.<\/span><\/p>\r\n<\/li>\r\n<li style=\"font-weight: 400;\" aria-level=\"1\">\r\n<p><b>Dati personali<\/b><span style=\"font-weight: 400;\">: dati che permettono l\u2019identificazione di una persona fisica (nome, cognome, sesso o altre informazioni in nostro possesso o che potrebbero venire in nostro possesso).<\/span><\/p>\r\n<\/li>\r\n<li style=\"font-weight: 400;\" aria-level=\"1\">\r\n<p><b>Dati di utilizzo<\/b><span style=\"font-weight: 400;\">: tutti i dati raccolti, automaticamente generati dall\u2019utilizzo del Servizio o dall\u2019infrastruttura del Servizio stesso (ad esempio, la durata della visita di una pagina).<\/span><\/p>\r\n<\/li>\r\n<li style=\"font-weight: 400;\" aria-level=\"1\">\r\n<p><b>Cookies<\/b><span style=\"font-weight: 400;\">: sono piccole porzioni di dati memorizzati sul dispositivo (computer o dispositivo mobile).<\/span><\/p>\r\n<\/li>\r\n<li style=\"font-weight: 400;\" aria-level=\"1\">\r\n<p><b>Titolare del trattamento<\/b><span style=\"font-weight: 400;\">: indica la persona fisica o giuridica che (singolarmente o insieme ad altri) determina le finalit\u00e0 e i mezzi con cui le informazioni personali sono o saranno elaborate. Ai fini della presente Informativa, PRIMA Lab SA \u00e8 responsabile del trattamento dei dati personali, di seguito \u201cnoi\u201d, \u201cnostro\u201d.<\/span><\/p>\r\n<\/li>\r\n<li style=\"font-weight: 400;\" aria-level=\"1\">\r\n<p><b>Responsabile del trattamento dei dati (o fornitore di servizi)<\/b><span style=\"font-weight: 400;\">: qualsiasi persona fisica o giuridica che elabora i dati per conto del Titolare del trattamento. Potremmo utilizzare i servizi di diversi fornitori al fine di elaborare i dati in modo pi\u00f9 efficace.<\/span><\/p>\r\n<\/li>\r\n<li style=\"font-weight: 400;\" aria-level=\"1\">\r\n<p><b>Utente<\/b><span style=\"font-weight: 400;\">: una persona fisica che utilizza il nostro servizio ed \u00e8 il soggetto dei dati personali.<\/span><\/p>\r\n<\/li>\r\n<li style=\"font-weight: 400;\" aria-level=\"1\">\r\n<p><b>Marchi<\/b><span style=\"font-weight: 400;\">: tutti i marchi, registrati o non registrati, di propriet\u00e0 di PRIMA Lab SA.<\/span><\/p>\r\n<\/li>\r\n<li aria-level=\"1\"><strong>Fornitori di servizi<\/strong>: societ\u00e0 e individui di terze parti impiegate per facilitare l&#8217;analisi e l&#8217;utilizzo del Servizio.<\/li>\r\n<\/ul>\r\n<h2><b>Propriet\u00e0 intellettuale e copyright<\/b><\/h2>\r\n<p><span style=\"font-weight: 400;\">L\u2019intero sito web <\/span><a href=\"https:\/\/primalabsa.ch\/it\/\"><span style=\"font-weight: 400;\">www.primalabsa.ch<\/span><\/a><span style=\"font-weight: 400;\">, i testi, le immagini, i loghi ed i suoni devono ritenersi di esclusiva propriet\u00e0 di PRIMA Lab SA e sono soggetti al diritto d\u2019autore quale opera singola e\/o composta e\/o collettiva ai sensi della normativa relativa al diritto d\u2019autore. Qualsiasi utilizzo non autorizzato di tale materiale quale, a titolo esemplificativo e non esaustivo, la memorizzazione, la modifica, la pubblicazione, la distribuzione, la traduzione, la trasposizione, la trasmissione, la riproduzione totale o parziale del sito o di parti di esso, di testi, immagini, loghi e suoni, degli stessi, \u00e8 vietato, salvo preventiva e specifica autorizzazione scritta da concedersi caso per caso da PRIMA Lab SA.<\/span><\/p>\r\n<h2><b>Marchi<\/b><\/h2>\r\n<p><span style=\"font-weight: 400;\">Il contenuto del Servizio non potr\u00e0 valere come autorizzazione o licenza, espressa o implicita, all\u2019utilizzo dei Marchi, a nessun titolo. Qualunque utilizzo dei Marchi o di denominazioni simili o confondibili \u00e8 vietato e sar\u00e0 perseguito a norma di legge.<\/span><\/p>\r\n<h2><b>Esclusione della responsabilit\u00e0 e delle garanzie<\/b><\/h2>\r\n<p><span style=\"font-weight: 400;\">Il Servizio viene messo a disposizione dell\u2019Utente nelle condizioni attuali, senza nessuna garanzia espressa o implicita, incluso, a mero titolo di esempio, garanzie di accuratezza, affidabilit\u00e0, propriet\u00e0, non violazione, idoneit\u00e0 per fini specifici, o qualsivoglia altra garanzia, condizione, assicurazione o dichiarazione.<\/span><\/p>\r\n<p><span style=\"font-weight: 400;\">PRIMA Lab SA non garantisce in alcun modo che l\u2019accesso al sito non sar\u00e0 interrotto o che lo stesso sia esente da malfunzionamenti, errori, omissioni o perdite di informazioni trasmesse. L\u2019accesso, la navigazione, ogni forma di utilizzo del sito avviene sotto la completa responsabilit\u00e0 dell\u2019Utente.<\/span><\/p>\r\n<p><span style=\"font-weight: 400;\">PRIMA Lab SA, i suoi amministratori, dirigenti, agenti e collaboratori oltre che tutti i soggetti coinvolti nella ideazione, creazione, produzione e diffusione del Servizio non potranno essere considerati responsabili per eventuali danni di qualsiasi entit\u00e0 e natura, diretti o indiretti, che dovessero derivare dall\u2019uso del sito <\/span><a href=\"https:\/\/primalabsa.ch\/it\/\"><span style=\"font-weight: 400;\">www.primalabsa.ch<\/span><\/a><span style=\"font-weight: 400;\">.<\/span><\/p>\r\n<h2><b>Trattamento dei dati<\/b><\/h2>\r\n<h4><b>Tipi di dati raccolti<\/b><\/h4>\r\n<p><em><span style=\"font-weight: 400;\">Dati personali<\/span><\/em><\/p>\r\n<p><span style=\"font-weight: 400;\">Durante l\u2019utilizzo del nostro Servizio, potremmo chiederti di fornirci alcune informazioni di identificazione personale che possono essere utilizzate per contattarti o identificarti (\u201cDati personali\u201d). Le informazioni di identificazione personale possono includere, ma non sono limitate a:<\/span><\/p>\r\n<ul>\r\n<li><span style=\"font-weight: 400;\">Nome e cognome<\/span><\/li>\r\n<li><span style=\"font-weight: 400;\">Sesso<\/span><\/li>\r\n<li><span style=\"font-weight: 400;\">Indirizzo e-mail<\/span><\/li>\r\n<li><span style=\"font-weight: 400;\">Numero di telefono<\/span><\/li>\r\n<li><span style=\"font-weight: 400;\">Nazione<\/span><\/li>\r\n<li><span style=\"font-weight: 400;\">Cookie e dati di utilizzo<\/span><\/li>\r\n<\/ul>\r\n<p><span style=\"font-weight: 400;\">Potremmo utilizzare i tuoi Dati personali per contattarti con newsletter, materiale promozionale o di marketing e altre informazioni che potrebbero interessarti. Si pu\u00f2 scegliere di non ricevere alcuna o tutte queste comunicazioni compilando la richiesta dal link <\/span><a href=\"https:\/\/primalabsa.ch\/it\/contacts\/\"><span style=\"font-weight: 400;\">www.primalabsa.ch\/it\/contacts<\/span><\/a><\/p>\r\n<h4><em><span style=\"font-weight: 400;\">Dati di utilizzo<\/span><\/em><\/h4>\r\n<p><span style=\"font-weight: 400;\">Potremmo raccogliere informazioni su come accedere e utilizzare il Servizio (\u201cDati di utilizzo\u201d). Questi dati possono includere informazioni quali l\u2019indirizzo del protocollo internet della tua connessione (\u201cIndirizzo IP\u201d), il tipo di browser, la versione del browser, le pagine del Servizio che vengono visitate, l\u2019ora e la data della visita, il tempo trascorso su tali pagine, identificatori del dispositivo e altri dati diagnostici.<\/span><\/p>\r\n<h4><em><span style=\"font-weight: 400;\">Tracciamento dei dati sui cookie<\/span><\/em><\/h4>\r\n<p><span style=\"font-weight: 400;\">Utilizziamo cookie e tecnologie di tracciamento simili per tracciare l\u2019attivit\u00e0 sul nostro Servizio e conservare determinate informazioni.<\/span><\/p>\r\n<p><span style=\"font-weight: 400;\">I cookie sono token, o piccoli pacchetti di dati, che possono includere un identificatore univoco anonimo. I cookie vengono inviati al tuo browser da un sito web e memorizzati sul tuo dispositivo. Le tecnologie di monitoraggio utilizzate sono anche beacon, tag e script per raccogliere e tenere traccia delle informazioni e per migliorare e analizzare il nostro Servizio.<\/span><\/p>\r\n<p><span style=\"font-weight: 400;\">Puoi chiedere al tuo browser di rifiutare tutti i cookie o di indicare quando viene inviato un cookie. Tuttavia, se non si accettano i cookie, potrebbe non essere possibile utilizzare alcune parti del nostro Servizio.<\/span><\/p>\r\n<p><span style=\"font-weight: 400;\">Esempi di cookie che potremmo utilizzare:<\/span><\/p>\r\n<ul>\r\n<li style=\"font-weight: 400;\" aria-level=\"1\"><b>Cookie di sessione<\/b><span style=\"font-weight: 400;\">: utilizziamo tali cookie per gestire il nostro Servizio.<\/span><\/li>\r\n<li style=\"font-weight: 400;\" aria-level=\"1\"><b>Cookie di preferenza<\/b><span style=\"font-weight: 400;\">: utilizziamo questi cookie per ricordare le tue preferenze e varie impostazioni.<\/span><\/li>\r\n<li style=\"font-weight: 400;\" aria-level=\"1\"><b>Cookie di sicurezza<\/b><span style=\"font-weight: 400;\">: utilizziamo tali cookie per motivi di sicurezza.<\/span><\/li>\r\n<\/ul>\r\n<p><em>Uso dei dati<\/em><\/p>\r\n<p>PRIMA Lab SA<span style=\"font-weight: 400;\"> utilizza i dati raccolti per vari scopi:<\/span><\/p>\r\n<ul>\r\n<li style=\"font-weight: 400;\" aria-level=\"1\"><span style=\"font-weight: 400;\">Fornire e mantenere il nostro Servizio<\/span><\/li>\r\n<li style=\"font-weight: 400;\" aria-level=\"1\"><span style=\"font-weight: 400;\">Informarti delle modifiche al nostro Servizio<\/span><\/li>\r\n<li style=\"font-weight: 400;\" aria-level=\"1\"><span style=\"font-weight: 400;\">Fornire assistenza clienti<\/span><\/li>\r\n<li style=\"font-weight: 400;\" aria-level=\"1\"><span style=\"font-weight: 400;\">Raccogliere analisi o informazioni preziose per migliorare il nostro Servizio<\/span><\/li>\r\n<li style=\"font-weight: 400;\" aria-level=\"1\"><span style=\"font-weight: 400;\">Monitorare l\u2019utilizzo del nostro Servizio<\/span><\/li>\r\n<li style=\"font-weight: 400;\" aria-level=\"1\"><span style=\"font-weight: 400;\">Rilevare, prevenire e risolvere problemi tecnici<\/span><\/li>\r\n<\/ul>\r\n<h4><b>Base legale per l\u2019elaborazione dei dati personali in base al regolamento generale sulla protezione dei dati (GDPR)<\/b><\/h4>\r\n<p><span style=\"font-weight: 400;\">Se sei dello Spazio Economico Europeo (SEE), la base giuridica di PRIMA Lab SA per la raccolta e l\u2019utilizzo delle informazioni personali descritte in questa Informativa dipende dai Dati personali che raccogliamo e dal contesto specifico in cui vengono raccolti.<\/span><\/p>\r\n<p><span style=\"font-weight: 400;\">PRIMA Lab SA \u00e8 autorizzata ad elaborare i tuoi dati personali perch\u00e9:<\/span><\/p>\r\n<ul>\r\n<li style=\"font-weight: 400;\" aria-level=\"1\"><span style=\"font-weight: 400;\">ci hai dato il permesso di farlo, oppure<\/span><\/li>\r\n<li style=\"font-weight: 400;\" aria-level=\"1\"><span style=\"font-weight: 400;\">il trattamento dei dati \u00e8 necessario per eseguire un contratto di cui tu sei parte o per eseguire misure precontrattuali adottate su tua richiesta, oppure<\/span><\/li>\r\n<li style=\"font-weight: 400;\" aria-level=\"1\"><span style=\"font-weight: 400;\">il trattamento \u00e8 necessario per il perseguimento del nostro legittimo interesse, a condizione che non prevalgano sui tuoi interessi o i tuoi diritti e le tue libert\u00e0 fondamentali che richiedono la protezione dei tuoi dati personali, oppure<\/span><\/li>\r\n<li style=\"font-weight: 400;\" aria-level=\"1\"><span style=\"font-weight: 400;\">per adempiere un obbligo legale al quale noi siamo soggetti<\/span><\/li>\r\n<\/ul>\r\n<h4><b>Conservazione dei dati<\/b><\/h4>\r\n<p><span style=\"font-weight: 400;\">PRIMA Lab SA conserver\u00e0 i tuoi Dati personali solo per il tempo necessario ai fini indicati nella presente Informativa. Conserveremo e utilizzeremo i tuoi Dati personali nella misura necessaria per adempiere ai nostri obblighi legali (ad esempio, se ci viene richiesto di conservare i tuoi dati per conformarci alle leggi applicabili), risolvere le controversie e applicare i nostri accordi e le nostre regole di condotta legali.<\/span><\/p>\r\n<p><span style=\"font-weight: 400;\">PRIMA Lab SA conserver\u00e0 anche i Dati di utilizzo a fini di analisi interna. I dati di utilizzo vengono generalmente conservati per un periodo di tempo pi\u00f9 breve, tranne quando questi dati vengono utilizzati per rafforzare la sicurezza, per migliorare la funzionalit\u00e0 del nostro servizio o se siamo legalmente obbligati a conservare questi dati per periodi di tempo pi\u00f9 lunghi.<\/span><\/p>\r\n<h4><b>Divulgazione dei dati<\/b><\/h4>\r\n<h4><em><span style=\"font-weight: 400;\">Divulgazione per l\u2019applicazione della legge<\/span><\/em><\/h4>\r\n<p><span style=\"font-weight: 400;\">In determinate circostanze, a PRIMA Lab SA potrebbe essere richiesto di divulgare i Dati personali dell\u2019Utente se previsto dalla legge o in risposta a richieste valide da parte delle autorit\u00e0 (ad esempio, un tribunale o un\u2019autorit\u00e0 governativa).<\/span><\/p>\r\n<h4><em><span style=\"font-weight: 400;\">Requisiti legali<\/span><\/em><\/h4>\r\n<p><span style=\"font-weight: 400;\">PRIMA Lab SA potrebbe divulgare i tuoi Dati personali in buona fede, ritenendo che tale azione sia necessaria per:<\/span><\/p>\r\n<ul>\r\n<li style=\"font-weight: 400;\" aria-level=\"1\"><span style=\"font-weight: 400;\">rispettare un obbligo legale<\/span><\/li>\r\n<li style=\"font-weight: 400;\" aria-level=\"1\"><span style=\"font-weight: 400;\">per proteggere e difendere i diritti o la propriet\u00e0 di PRIMA Lab SA<\/span><\/li>\r\n<li style=\"font-weight: 400;\" aria-level=\"1\"><span style=\"font-weight: 400;\">per prevenire o indagare su possibili illeciti in relazione al Servizio<\/span><\/li>\r\n<li style=\"font-weight: 400;\" aria-level=\"1\"><span style=\"font-weight: 400;\">proteggere la sicurezza personale degli utenti del Servizio o del pubblico<\/span><\/li>\r\n<li style=\"font-weight: 400;\" aria-level=\"1\"><span style=\"font-weight: 400;\">per proteggersi contro eventuali responsabilit\u00e0 legali.<\/span><\/li>\r\n<\/ul>\r\n<h4><b>Sicurezza dei dati<\/b><\/h4>\r\n<p><span style=\"font-weight: 400;\">La sicurezza dei tuoi dati \u00e8 importante per noi. Ricorda tuttavia che nessun metodo di trasmissione su Internet o metodo di archiviazione elettronica \u00e8 sicuro al 100%. Tenendo conto dello stato dell\u2019arte e dei costi di attuazione, nonch\u00e9 della natura, dell\u2019oggetto, del contesto e delle finalit\u00e0 del trattamento, come anche del rischio di diversa probabilit\u00e0 e gravit\u00e0 per i diritti e le libert\u00e0 delle persone fisiche, ci sforziamo di mettere in atto misure tecniche ed organizzative adeguate per garantire un livello di sicurezza adeguato al rischio, non potendo tuttavia garantire l\u2019assoluta sicurezza.<\/span><\/p>\r\n<h4><b>I tuoi diritti sulla protezione dei dati ai sensi del regolamento generale sulla protezione dei dati (GDPR)<\/b><\/h4>\r\n<p><span style=\"font-weight: 400;\">Se risiedi nello Spazio Economico Europeo (SEE), hai determinati diritti in relazione alla protezione dei dati. PRIMA Lab SA ha l\u2019obiettivo di adottare misure ragionevoli per consentire all\u2019utente di correggere, modificare, eliminare o limitare l\u2019uso dei propri Dati personali.<\/span><\/p>\r\n<p><span style=\"font-weight: 400;\">Se desideri essere informato sui Dati personali che deteniamo su di te e se vuoi che venga rimosso dai nostri sistemi, ti preghiamo di contattarci all\u2019indirizzo <\/span><a href=\"https:\/\/primalabsa.ch\/it\/contacts\/\"><span style=\"font-weight: 400;\">www.primalabsa.ch\/it\/contacts<\/span><\/a><span style=\"font-weight: 400;\">.<\/span><\/p>\r\n<p><span style=\"font-weight: 400;\">In determinate circostanze, hai i seguenti diritti in relazione alla protezione dei dati:<\/span><\/p>\r\n<ul>\r\n<li style=\"font-weight: 400;\" aria-level=\"1\"><span style=\"font-weight: 400;\">Il diritto di accedere, aggiornare o cancellare le informazioni che abbiamo su di te<\/span><\/li>\r\n<li style=\"font-weight: 400;\" aria-level=\"1\"><span style=\"font-weight: 400;\">Il diritto di rettifica<\/span><span style=\"font-weight: 400;\">: hai il diritto di rettificare le tue informazioni, se tali informazioni sono inesatte o incomplete<\/span><\/li>\r\n<li style=\"font-weight: 400;\" aria-level=\"1\"><span style=\"font-weight: 400;\">Il diritto di opposizione<\/span><span style=\"font-weight: 400;\">: hai il diritto di opporti al nostro trattamento dei tuoi Dati personali<\/span><\/li>\r\n<li style=\"font-weight: 400;\" aria-level=\"1\"><span style=\"font-weight: 400;\">Il diritto di limitazione di trattamento<\/span><span style=\"font-weight: 400;\">: hai il diritto di chiedere che limitiamo il trattamento dei tuoi Dati personali<\/span><\/li>\r\n<li style=\"font-weight: 400;\" aria-level=\"1\"><span style=\"font-weight: 400;\">Il diritto alla portabilit\u00e0 dei dati<\/span><span style=\"font-weight: 400;\">: hai il diritto di ricevere una copia delle informazioni che abbiamo su di te in un formato strutturato, di uso comune e leggibile da dispositivo automatico<\/span><\/li>\r\n<li style=\"font-weight: 400;\" aria-level=\"1\"><span style=\"font-weight: 400;\">Il diritto di revocare il consenso<\/span><span style=\"font-weight: 400;\">: hai anche il diritto di revocare il tuo consenso in qualsiasi momento, laddove PRIMA Lab SA si \u00e8 basata sullo stesso per il trattamento dei tuoi Dati personali<\/span><\/li>\r\n<li style=\"font-weight: 400;\" aria-level=\"1\"><span style=\"font-weight: 400;\">Il diritto alla comunicazione di una violazione dei dati personali<\/span><span style=\"font-weight: 400;\">: ti preghiamo di notare che potremmo chiederti di verificare la tua identit\u00e0 prima di rispondere a tali richieste<\/span><\/li>\r\n<li style=\"font-weight: 400;\" aria-level=\"1\"><span style=\"font-weight: 400;\">Hai il diritto di sporgere denuncia presso un\u2019Autorit\u00e0 per la protezione dei dati circa la nostra raccolta e l\u2019utilizzo dei tuoi dati personali. Per ulteriori informazioni, contattare l\u2019autorit\u00e0 locale per la protezione dei dati nello Spazio Economico Europeo (SEE).<\/span><\/li>\r\n<\/ul>\r\n<h2><b>Fornitori di Servizi<\/b><\/h2>\r\n<p><span style=\"font-weight: 400;\">Potremmo impiegare societ\u00e0 e individui di terze parti (\u201cFornitori di servizi\u201d) per aiutarci ad analizzare come viene utilizzato il nostro Servizio.<\/span><\/p>\r\n<p><span style=\"font-weight: 400;\">Queste terze parti hanno accesso ai tuoi dati personali solo per eseguire queste attivit\u00e0 per nostro conto e sono obbligate a non rivelarle o utilizzarle per altri scopi.<\/span><\/p>\r\n<p><span style=\"font-weight: 400;\">Si tratta in particolare di:<\/span><\/p>\r\n<ul>\r\n<li style=\"font-weight: 400;\" aria-level=\"1\"><b>Google Analytics<\/b><span style=\"font-weight: 400;\">: \u00e8 un servizio di analisi web gratuito di Google che consente di analizzare delle dettagliate statistiche sui visitatori di un sito web. Attraverso l\u2019utilizzo di Google Analytics \u00e8 possibile individuare quali siano le pagine pi\u00f9 visualizzate dai visitatori di un sito, la loro provenienza (referrer), per quanto tempo sono rimasti all\u2019interno del sito e la loro posizione geografica. Per maggiori informazioni sull\u2019informativa sulla privacy di Google: <\/span><a href=\"https:\/\/policies.google.com\/privacy\"><span style=\"font-weight: 400;\">https:\/\/policies.google.com\/privacy<\/span><\/a><\/li>\r\n<\/ul>\r\n<h2><b>Collegamenti ad altri siti<\/b><\/h2>\r\n<p><span style=\"font-weight: 400;\">Il nostro Servizio pu\u00f2 contenere collegamenti ad altri siti che non sono gestiti da noi. Se fai clic su un link di terze parti, sarai indirizzato al sito di quella terza parte. Ti consigliamo vivamente di rivedere l\u2019Informativa sulla protezione dei dati di ogni sito che visiti.<\/span><\/p>\r\n<p><span style=\"font-weight: 400;\">Non abbiamo alcun controllo e non ci assumiamo alcuna responsabilit\u00e0 per il contenuto, le regole di condotta sulla privacy o le pratiche di qualsiasi sito o servizio di terzi.<\/span><\/p>\r\n<h2><b>Privacy dei minorenni<\/b><\/h2>\r\n<p><span style=\"font-weight: 400;\">Il nostro Servizio non si rivolge a minori di 18 anni (\u201cBambini\u201d).<\/span><\/p>\r\n<p><span style=\"font-weight: 400;\">Non raccogliamo consapevolmente informazioni di identificazione personale da chiunque abbia meno di 18 anni. Se sei un genitore o un tutore e sei a conoscenza del fatto che i tuoi figli ci hanno fornito i Dati personali, ti preghiamo di contattarci. Se veniamo a conoscenza del fatto che abbiamo raccolto Dati personali da minori senza la verifica del consenso dei genitori, adottiamo provvedimenti per rimuovere tali informazioni dai nostri server.<\/span><\/p>\r\n<h2><b>Modifiche alla presente Informativa<\/b><\/h2>\r\n<p><span style=\"font-weight: 400;\">Potremmo aggiornare regole di condotta sulla protezione dei dati di volta in volta. Ti informeremo di eventuali modifiche pubblicando la nuova Informativa in questa pagina.<\/span><\/p>\r\n<p><span style=\"font-weight: 400;\">Ti consigliamo di rivedere periodicamente la presente Privacy Policy per eventuali modifiche, che saranno applicate da quando vengono pubblicate su questa pagina.<\/span><\/p>\r\n<h2><b>Contatti<\/b><\/h2>\r\n<p><span style=\"font-weight: 400;\">In caso di domande sulla presente Informativa, puoi contattarci:<\/span><\/p>\r\n<ul>\r\n<li style=\"font-weight: 400;\" aria-level=\"1\"><span style=\"font-weight: 400;\">Tramite il modulo di contatto: <\/span><a href=\"https:\/\/primalabsa.ch\/it\/contacts\/\"><span style=\"font-weight: 400;\">https:\/\/primalabsa.ch\/it\/contacts\/<\/span><\/a><\/li>\r\n<li style=\"font-weight: 400;\" aria-level=\"1\"><span style=\"font-weight: 400;\">Visitando questa pagina sul nostro sito web: <\/span><a href=\"https:\/\/primalabsa.ch\/it\/privacy\/\"><span style=\"font-weight: 400;\">https:\/\/primalabsa.ch\/it\/privacy\/<\/span><\/a><\/li>\r\n<li style=\"font-weight: 400;\" aria-level=\"1\"><span style=\"font-weight: 400;\">Telefonicamente al numero: +41 (0) 91 605 10 30<\/span><\/li>\r\n<\/ul>","protected":false},"excerpt":{"rendered":"<p>Data di entrata in vigore: 12\/11\/2021 Chi siamo PRIMA Lab SA Via Antonio Monti, 7 CH-6828 Balerna, Svizzera proprietario del sito web www.primalabsa.ch (il \u201cServizio\u201d). Definizioni Servizio: \u00e8 il sito web www.primalabsa.ch gestito da PRIMA Lab SA. Dati personali: dati che permettono l\u2019identificazione di una persona fisica (nome, cognome, sesso o altre informazioni in nostro [&hellip;]<\/p>\n","protected":false},"author":1,"featured_media":0,"parent":0,"menu_order":0,"comment_status":"closed","ping_status":"open","template":"","meta":{"footnotes":""},"class_list":["post-16","page","type-page","status-publish","hentry"],"acf":[],"aioseo_notices":[],"_links":{"self":[{"href":"https:\/\/primalabsa.ch\/it\/wp-json\/wp\/v2\/pages\/16","targetHints":{"allow":["GET"]}}],"collection":[{"href":"https:\/\/primalabsa.ch\/it\/wp-json\/wp\/v2\/pages"}],"about":[{"href":"https:\/\/primalabsa.ch\/it\/wp-json\/wp\/v2\/types\/page"}],"author":[{"embeddable":true,"href":"https:\/\/primalabsa.ch\/it\/wp-json\/wp\/v2\/users\/1"}],"replies":[{"embeddable":true,"href":"https:\/\/primalabsa.ch\/it\/wp-json\/wp\/v2\/comments?post=16"}],"version-history":[{"count":52,"href":"https:\/\/primalabsa.ch\/it\/wp-json\/wp\/v2\/pages\/16\/revisions"}],"predecessor-version":[{"id":2083,"href":"https:\/\/primalabsa.ch\/it\/wp-json\/wp\/v2\/pages\/16\/revisions\/2083"}],"wp:attachment":[{"href":"https:\/\/primalabsa.ch\/it\/wp-json\/wp\/v2\/media?parent=16"}],"curies":[{"name":"wp","href":"https:\/\/api.w.org\/{rel}","templated":true}]}}