{"id":16,"date":"2021-05-11T13:43:49","date_gmt":"2021-05-11T13:43:49","guid":{"rendered":"http:\/\/box5826\/cgi\/addon_GT.cgi?s=GT::WP::Install::EIG+%28hipstore%29+-+10.0.87.10+%5BWordpress%3b+\/var\/hp\/common\/lib\/Wordpress.pm%3b+409%3b+Hosting::gap_call%5D\/?page_id=3"},"modified":"2021-11-23T17:08:37","modified_gmt":"2021-11-23T16:08:37","slug":"privacy","status":"publish","type":"page","link":"https:\/\/primalabsa.ch\/fr\/privacy\/","title":{"rendered":"Privacy Policy"},"content":{"rendered":"<h6>Date d&rsquo;entr\u00e9e en vigueur : 12\/11\/2021<\/h6>\r\n<h2>\u00c0 propos de nous<\/h2>\r\n<p><strong>PRIMA Lab SA<\/strong><\/p>\r\n<p>Via Antonio Monti, 7<\/p>\r\n<p>CH-6828 Balerna, Suisse<\/p>\r\n<p>Propri\u00e9taire du site <a href=\"http:\/\/www.primalabsa.ch\/fr\/\">www.primalabsa.ch<\/a> (\u00ab\u00a0Service\u00a0\u00bb).<\/p>\r\n<h2>D\u00e9finitions<\/h2>\r\n<ul>\r\n<li>\r\n<p><strong>Service<\/strong> : il s&rsquo;agit du site <a href=\"http:\/\/www.primalabsa.ch\/fr\/\">primalabsa.ch<\/a> g\u00e9r\u00e9 par PRIMA Lab SA.<\/p>\r\n<\/li>\r\n<li>\r\n<p><strong>Donn\u00e9es personnelles<\/strong> : donn\u00e9es qui permettent l&rsquo;identification d&rsquo;une personne physique (nom, pr\u00e9nom, sexe ou autres informations en notre possession ou qui pourraient entrer en notre possession).<\/p>\r\n<\/li>\r\n<li>\r\n<p><strong>Donn\u00e9es d&rsquo;utilisation<\/strong> : toutes les donn\u00e9es collect\u00e9es, g\u00e9n\u00e9r\u00e9es automatiquement par l&rsquo;utilisation du Service ou par l&rsquo;infrastructure du Service elle-m\u00eame (par exemple, la dur\u00e9e d&rsquo;une visite de page).<\/p>\r\n<\/li>\r\n<li>\r\n<p><strong>Cookies<\/strong> : ce sont de petits morceaux de donn\u00e9es stock\u00e9s sur l&rsquo;appareil (ordinateur ou appareil mobile).<\/p>\r\n<\/li>\r\n<li>\r\n<p><strong>Titulaire du traitement<\/strong> : il d\u00e9signe la personne physique ou morale qui (individuellement ou avec d&rsquo;autres) d\u00e9termine les finalit\u00e9s et les moyens par lesquels les informations personnelles sont ou seront trait\u00e9es. Aux fins de la pr\u00e9sente Politique, PRIMA Lab SA est responsable du traitement des donn\u00e9es personnelles, ci-apr\u00e8s \u00ab\u00a0nous\u00a0\u00bb, \u00ab\u00a0nos\u00a0\u00bb.<\/p>\r\n<\/li>\r\n<li>\r\n<p><strong>Responsable du traitement (ou prestataire de services)<\/strong> : toute personne physique ou morale qui traite les donn\u00e9es pour le compte du Titulaire de traitement. Nous pouvons utiliser les services de diff\u00e9rents fournisseurs afin de traiter les donn\u00e9es plus efficacement.<\/p>\r\n<\/li>\r\n<li>\r\n<p><strong>Utilisateur<\/strong> : une personne physique qui utilise notre service et fait l&rsquo;objet des donn\u00e9es personnelles.<\/p>\r\n<\/li>\r\n<li>\r\n<p><strong>Marques<\/strong> : toutes les marques, d\u00e9pos\u00e9es ou non, appartenant \u00e0 PRIMA Lab SA.<\/p>\r\n<\/li>\r\n<li>\r\n<p><strong>Prestataires de services<\/strong> : soci\u00e9t\u00e9s tierces et individus employ\u00e9s pour faciliter l&rsquo;analyse et l&rsquo;utilisation du service.<\/p>\r\n<\/li>\r\n<\/ul>\r\n<h2>Propri\u00e9t\u00e9 intellectuelle et copyright<\/h2>\r\n<p>L&rsquo;ensemble du site <a href=\"http:\/\/www.primalabsa.ch\/fr\/\">www.primalabsa.ch<\/a>, les textes, images, logos et sons doivent \u00eatre consid\u00e9r\u00e9s comme la propri\u00e9t\u00e9 exclusive de PRIMA Lab SA et sont soumis au droit d&rsquo;auteur en tant qu&rsquo;\u0153uvre unique et\/ou composite et\/ou collective conform\u00e9ment au droit d&rsquo;auteur. Toute utilisation non autoris\u00e9e de ce mat\u00e9riel telle que, \u00e0 titre d&rsquo;exemple mais sans s&rsquo;y limiter, le stockage, la modification, la publication, la distribution, la traduction, la transposition, la transmission, la reproduction totale ou partielle du site ou de parties de celui-ci, de textes, images, les logos et les sons, de ceux-ci, sont interdits, sauf autorisation \u00e9crite pr\u00e9alable et sp\u00e9cifique \u00e0 accorder au cas par cas par PRIMA Lab SA.<\/p>\r\n<h2>Marques<\/h2>\r\n<p>Le contenu du Service peut ne pas \u00eatre valable en tant qu&rsquo;autorisation ou licence, expresse ou implicite, d&rsquo;utiliser les Marques, pour quelque raison que ce soit. Toute utilisation des Marques ou des noms similaires ou pr\u00eatant \u00e0 confusion est interdite et sera poursuivie aux termes de la loi.<\/p>\r\n<h2>Clause de non-responsabilit\u00e9 et garanties<\/h2>\r\n<p>Le Service est mis \u00e0 la disposition de l&rsquo;Utilisateur dans ses conditions actuelles, sans aucune garantie expresse ou implicite, y compris, mais sans s&rsquo;y limiter, les garanties d&rsquo;exactitude, de fiabilit\u00e9, de propri\u00e9t\u00e9, de non-contrefa\u00e7on, d&rsquo;ad\u00e9quation \u00e0 des fins sp\u00e9cifiques, ou toute autre garantie, conditions, assurance ou d\u00e9claration.<\/p>\r\n<p>PRIMA Lab SA ne garantit en aucune mani\u00e8re que l&rsquo;acc\u00e8s au site ne sera pas interrompu ou qu&rsquo;il sera exempt de dysfonctionnements, d&rsquo;erreurs, d&rsquo;omissions ou de pertes d&rsquo;informations transmises. L&rsquo;acc\u00e8s, la navigation, toute forme d&rsquo;utilisation du site se font sous l&rsquo;enti\u00e8re responsabilit\u00e9 de l&rsquo;Utilisateur.<\/p>\r\n<p>PRIMA Lab SA, ses administrateurs, g\u00e9rants, agents et collaborateurs ainsi que toutes les personnes impliqu\u00e9es dans la conception, la cr\u00e9ation, la production et la diffusion du Service ne pourront \u00eatre tenus responsables de tout dommage de quelque \u00e9tendue et nature, direct ou indirect, qui pourrait survenir de l&rsquo;utilisation du site <a href=\"http:\/\/www.primalabsa.ch\/fr\/\">www.primalabsa.ch<\/a>.<\/p>\r\n<h2>Traitement des donn\u00e9es<\/h2>\r\n<h4>Types de donn\u00e9es collect\u00e9es<\/h4>\r\n<p><em>Donn\u00e9es personnelles<\/em><\/p>\r\n<p>Lors de l&rsquo;utilisation de notre Service, nous pouvons vous demander de nous fournir certaines informations personnellement identifiables qui peuvent \u00eatre utilis\u00e9es pour vous contacter ou vous identifier (\u00ab\u00a0Donn\u00e9es personnelles\u00a0\u00bb). Les informations personnellement identifiables peuvent inclure, sans s&rsquo;y limiter :<\/p>\r\n<ul>\r\n<li>Pr\u00e9nom et nom<\/li>\r\n<li>Sexe<\/li>\r\n<li>Adresse e-mail<\/li>\r\n<li>Num\u00e9ro de t\u00e9l\u00e9phone<\/li>\r\n<li>Pays<\/li>\r\n<li>Cookies et donn\u00e9es d&rsquo;utilisation<\/li>\r\n<\/ul>\r\n<p>Nous pouvons utiliser vos donn\u00e9es personnelles pour vous contacter avec des newsletters, du mat\u00e9riel promotionnel ou marketing et d&rsquo;autres informations susceptibles de vous int\u00e9resser. Vous pouvez choisir de ne pas recevoir tout ou partie de ces communications en remplissant la demande \u00e0 partir du lien <a href=\"http:\/\/www.primalabsa.ch\/fr\/contacts\">www.primalabsa.ch\/fr\/contacts<\/a><\/p>\r\n<p><em>Donn\u00e9es d&rsquo;utilisation<\/em><\/p>\r\n<p>Nous pouvons collecter des informations sur la fa\u00e7on d&rsquo;acc\u00e9der et d&rsquo;utiliser le Service (\u00ab\u00a0Donn\u00e9es d&rsquo;utilisation\u00a0\u00bb). Ces donn\u00e9es peuvent inclure des informations telles que l&rsquo;adresse de protocole Internet de votre connexion (\u00ab\u00a0adresse IP\u00a0\u00bb), le type de navigateur, la version du navigateur, les pages du Service qui sont visit\u00e9es, l&rsquo;heure et la date de la visite, le temps pass\u00e9 sur ces pages, identifiants d&rsquo;appareils et autres donn\u00e9es de diagnostic.<\/p>\r\n<p><em>Tra\u00e7age des donn\u00e9es des cookies<\/em><\/p>\r\n<p>Nous utilisons des cookies et des technologies de suivi similaires pour suivre l&rsquo;activit\u00e9 sur notre Service et conserver certaines informations.<\/p>\r\n<p>Les cookies sont des jetons, ou de petits paquets de donn\u00e9es, qui peuvent inclure un identifiant unique anonyme. Les cookies sont envoy\u00e9s \u00e0 votre navigateur \u00e0 partir d&rsquo;un site Internet et stock\u00e9s sur votre appareil. Les technologies de suivi \u00e9galement utilis\u00e9es sont des balises, des tags et des scripts pour collecter et suivre les informations et pour am\u00e9liorer et analyser notre Service.<\/p>\r\n<p>Vous pouvez demander \u00e0 votre navigateur de refuser tous les cookies ou d&rsquo;indiquer quand un cookie est envoy\u00e9. Cependant, si vous n&rsquo;acceptez pas les cookies, vous ne pourrez peut-\u00eatre pas utiliser certaines parties de notre Service.<\/p>\r\n<p>Exemples de cookies que nous pourrions utiliser :<\/p>\r\n<ul>\r\n<li><strong>Cookies de session<\/strong> : nous utilisons ces cookies pour g\u00e9rer notre Service.<\/li>\r\n<li><strong>Cookies de pr\u00e9f\u00e9rence<\/strong> : nous utilisons ces cookies pour m\u00e9moriser vos pr\u00e9f\u00e9rences et divers param\u00e8tres.<\/li>\r\n<li><strong>Cookies de s\u00e9curit\u00e9<\/strong> : nous utilisons ces cookies pour des raisons de s\u00e9curit\u00e9.<\/li>\r\n<\/ul>\r\n<p><em>Utilisation de donn\u00e9es<\/em><\/p>\r\n<p><strong>PRIMA Lab SA<\/strong> utilise les donn\u00e9es collect\u00e9es \u00e0 diverses fins :<\/p>\r\n<ul>\r\n<li>Fournir et maintenir notre Service<\/li>\r\n<li>Vous informer des modifications apport\u00e9es \u00e0 notre Service<\/li>\r\n<li>Fournir un support client<\/li>\r\n<li>Recueillir des analyses ou des informations pr\u00e9cieuses pour am\u00e9liorer notre Service<\/li>\r\n<li>Surveiller l&rsquo;utilisation de notre Service<\/li>\r\n<li>D\u00e9tecter, pr\u00e9venir et r\u00e9soudre les probl\u00e8mes techniques<\/li>\r\n<\/ul>\r\n<h4>Base juridique du traitement des donn\u00e9es personnelles dans le cadre du r\u00e8glement g\u00e9n\u00e9ral sur la protection des donn\u00e9es (RGPD)<\/h4>\r\n<p>Si vous r\u00e9sidez dans l&rsquo;Espace Economique Europ\u00e9en (EEE), la base juridique de PRIMA Lab SA pour la collecte et l&rsquo;utilisation des informations personnelles d\u00e9crites dans la pr\u00e9sente Politique d\u00e9pend des Donn\u00e9es personnelles que nous collectons et du contexte sp\u00e9cifique dans lequel elles sont collect\u00e9es.<\/p>\r\n<p>PRIMA Lab SA est autoris\u00e9e \u00e0 traiter vos donn\u00e9es personnelles car :<\/p>\r\n<ul>\r\n<li>Vous nous avez donn\u00e9 la permission de le faire, ou<\/li>\r\n<li>Le traitement des donn\u00e9es est n\u00e9cessaire \u00e0 l&rsquo;ex\u00e9cution d&rsquo;un contrat dont vous \u00eates partie ou \u00e0 l&rsquo;ex\u00e9cution de mesures pr\u00e9contractuelles prises \u00e0 votre demande, ou<\/li>\r\n<li>Le traitement est n\u00e9cessaire \u00e0 la poursuite de notre int\u00e9r\u00eat l\u00e9gitime, \u00e0 condition qu&rsquo;il ne l&#8217;emporte pas sur vos int\u00e9r\u00eats ou vos droits et libert\u00e9s fondamentaux qui n\u00e9cessitent la protection de vos donn\u00e9es personnelles, ou<\/li>\r\n<li>Remplir une obligation l\u00e9gale \u00e0 laquelle nous sommes soumis<\/li>\r\n<\/ul>\r\n<h4>Conservation des donn\u00e9es<\/h4>\r\n<p>PRIMA Lab SA ne conservera vos Donn\u00e9es personnelles que le temps n\u00e9cessaire aux finalit\u00e9s indiqu\u00e9es dans la pr\u00e9sente Politique. Nous conserverons et utiliserons vos Donn\u00e9es personnelles dans la mesure n\u00e9cessaire pour nous conformer \u00e0 nos obligations l\u00e9gales (par exemple, si nous sommes tenus de conserver vos donn\u00e9es pour nous conformer aux lois applicables), r\u00e9soudre les litiges et faire respecter nos accords et r\u00e8gles de conduite l\u00e9gales.<\/p>\r\n<p>PRIMA Lab SA conservera \u00e9galement les Donn\u00e9es d&rsquo;utilisation \u00e0 des fins d&rsquo;analyse interne. Les donn\u00e9es d&rsquo;utilisation sont g\u00e9n\u00e9ralement conserv\u00e9es pendant une p\u00e9riode de temps plus courte, sauf lorsque ces donn\u00e9es sont utilis\u00e9es pour renforcer la s\u00e9curit\u00e9, pour am\u00e9liorer la fonctionnalit\u00e9 de notre service, ou si nous sommes l\u00e9galement tenus de conserver ces donn\u00e9es pendant des p\u00e9riodes plus longues.<\/p>\r\n<h4>Divulgation de donn\u00e9es<\/h4>\r\n<p><em>Divulgation pour l&rsquo;application de la loi<\/em><\/p>\r\n<p>Dans certaines circonstances, PRIMA Lab SA peut \u00eatre amen\u00e9e \u00e0 divulguer les Donn\u00e9es personnelles de l&rsquo;Utilisateur si la loi l&rsquo;exige ou en r\u00e9ponse \u00e0 des demandes valables des autorit\u00e9s (par exemple, un tribunal ou une autorit\u00e9 gouvernementale).<\/p>\r\n<p><em>Exigences l\u00e9gales<\/em><\/p>\r\n<p>PRIMA Lab SA peut divulguer vos Donn\u00e9es personnelles de bonne foi, estimant que cette action est n\u00e9cessaire pour :<\/p>\r\n<ul>\r\n<li>Se conformer \u00e0 une obligation l\u00e9gale<\/li>\r\n<li>Pour prot\u00e9ger et d\u00e9fendre les droits ou la propri\u00e9t\u00e9 de PRIMA Lab SA<\/li>\r\n<li>Pour pr\u00e9venir ou enqu\u00eater sur d&rsquo;\u00e9ventuels illicites r\u00e9pr\u00e9hensibles en rapport avec le Service<\/li>\r\n<li>Prot\u00e9ger la s\u00e9curit\u00e9 personnelle des utilisateurs du Service ou du public<\/li>\r\n<li>Pour vous prot\u00e9ger contre toute responsabilit\u00e9 l\u00e9gale.<\/li>\r\n<\/ul>\r\n<h4>S\u00e9curit\u00e9 des donn\u00e9es<\/h4>\r\n<p>La s\u00e9curit\u00e9 de vos donn\u00e9es est importante pour nous. Cependant, n&rsquo;oubliez pas qu&rsquo;aucune m\u00e9thode de transmission sur Internet ou m\u00e9thode de stockage \u00e9lectronique n&rsquo;est s\u00e9curis\u00e9e \u00e0 100 %. Compte tenu de l&rsquo;\u00e9tat de l&rsquo;art et des co\u00fbts de mise en \u0153uvre, ainsi que de la nature, de l&rsquo;objet, du contexte et de la finalit\u00e9 du traitement, ainsi que du risque de probabilit\u00e9 et de gravit\u00e9 variables pour les droits et libert\u00e9s des personnes, nous nous effor\u00e7ons de mettre en place des mesures techniques et organisationnelles ad\u00e9quates pour garantir un niveau de s\u00e9curit\u00e9 ad\u00e9quat au risque, sans toutefois pouvoir garantir une s\u00e9curit\u00e9 absolue.<\/p>\r\n<h4>Vos droits en mati\u00e8re de protection des donn\u00e9es en vertu du r\u00e8glement g\u00e9n\u00e9ral sur la protection des donn\u00e9es (RGPD)<\/h4>\r\n<p>Si vous \u00eates r\u00e9sident de l&rsquo;Espace \u00e9conomique europ\u00e9en (EEE), vous disposez de certains droits en mati\u00e8re de protection des donn\u00e9es. PRIMA Lab SA vise \u00e0 prendre des mesures raisonnables pour permettre \u00e0 l&rsquo;utilisateur de corriger, modifier, supprimer ou limiter l&rsquo;utilisation de ses Donn\u00e9es personnelles.<\/p>\r\n<p>Si vous souhaitez \u00eatre inform\u00e9 des Donn\u00e9es personnelles que nous d\u00e9tenons \u00e0 votre sujet et si vous souhaitez qu&rsquo;elles soient supprim\u00e9es de nos syst\u00e8mes, veuillez nous contacter sur <a href=\"http:\/\/www.primalabsa.ch\/fr\/contacts\">www.primalabsa.ch\/fr\/contacts<\/a>.<\/p>\r\n<p>Dans certaines circonstances, vous disposez des droits suivants en mati\u00e8re de protection des donn\u00e9es :<\/p>\r\n<ul>\r\n<li>Le droit d&rsquo;acc\u00e9der, de mettre \u00e0 jour ou de supprimer les informations que nous avons sur vous<\/li>\r\n<li><u>Le droit de rectification<\/u> : vous avez le droit de rectifier vos informations, si ces informations sont inexactes ou incompl\u00e8tes<\/li>\r\n<li><u>Le droit d&rsquo;opposition<\/u> : vous avez le droit de vous opposer \u00e0 notre traitement de vos Donn\u00e9es personnelles<\/li>\r\n<li><u>Le droit \u00e0 la limitation du traitement<\/u> : vous avez le droit de demander que nous restreignions le traitement de vos Donn\u00e9es personnelles<\/li>\r\n<li><u>Le droit \u00e0 la portabilit\u00e9 des donn\u00e9es<\/u> : vous avez le droit de recevoir une copie des informations que nous avons \u00e0 votre sujet dans un format structur\u00e9, couramment utilis\u00e9 et lisible par machine<\/li>\r\n<li><u>Le droit de retirer votre consentement<\/u> : vous avez \u00e9galement le droit de retirer votre consentement \u00e0 tout moment, lorsque PRIMA Lab SA s&rsquo;est appuy\u00e9 sur le m\u00eame pour le traitement de vos Donn\u00e9es personnelles<\/li>\r\n<li><u>Le droit de signaler une violation de donn\u00e9es personnelles :<\/u> veuillez noter que nous pouvons vous demander de v\u00e9rifier votre identit\u00e9 avant de r\u00e9pondre \u00e0 de telles demandes<\/li>\r\n<li>Vous avez le droit de vous plaindre aupr\u00e8s d&rsquo;une autorit\u00e9 de protection des donn\u00e9es de notre collecte et de notre utilisation de vos donn\u00e9es personnelles. Pour plus d&rsquo;informations, veuillez contacter votre autorit\u00e9 locale de protection des donn\u00e9es dans l&rsquo;Espace \u00e9conomique europ\u00e9en (EEE).<\/li>\r\n<\/ul>\r\n<h2>Prestataires de services<\/h2>\r\n<p>Nous pouvons employer des soci\u00e9t\u00e9s tierces et des particuliers (\u00ab Prestataires de services \u00bb) pour nous aider \u00e0 analyser la fa\u00e7on dont notre service est utilis\u00e9.<\/p>\r\n<p>Ces tiers ont acc\u00e8s \u00e0 vos donn\u00e9es personnelles uniquement pour effectuer ces activit\u00e9s en notre nom et sont tenus de ne pas les divulguer ou les utiliser \u00e0 d&rsquo;autres fins.<\/p>\r\n<p>Il s&rsquo;agit en particulier :<\/p>\r\n<ul>\r\n<li><strong>Google Analytics<\/strong> : est un service gratuit d&rsquo;analyse web de Google qui vous permet d&rsquo;analyser des statistiques d\u00e9taill\u00e9es sur les visiteurs d&rsquo;un site web. Gr\u00e2ce \u00e0 l&rsquo;utilisation de Google Analytics, il est possible d&rsquo;identifier les pages les plus consult\u00e9es par les visiteurs d&rsquo;un site, leur origine (r\u00e9f\u00e9rent), combien de temps elles sont rest\u00e9es sur le site et leur position g\u00e9ographique. Pour plus d&rsquo;informations sur la politique de confidentialit\u00e9 de Google : <a href=\"https:\/\/policies.google.com\/privacy\">https:\/\/policies.google.com\/privacy<\/a><\/li>\r\n<\/ul>\r\n<h2>Autres sites web associ\u00e9s<\/h2>\r\n<p>Notre Service peut contenir des liens vers d&rsquo;autres sites qui ne sont pas exploit\u00e9s par nous. Si vous cliquez sur un lien tiers, vous serez dirig\u00e9 vers le site de ce tiers. Nous vous recommandons fortement de consulter la Politique de protection des donn\u00e9es de chaque site que vous visitez.<\/p>\r\n<p>Nous n&rsquo;avons aucun contr\u00f4le et n&rsquo;assumons aucune responsabilit\u00e9 pour le contenu, la politique de confidentialit\u00e9 ou les pratiques de tout site ou service tiers.<\/p>\r\n<h2>Confidentialit\u00e9 des mineurs<\/h2>\r\n<p>Notre Service ne s&rsquo;adresse \u00e0 aucune personne de moins de 18 ans (\u00ab Enfants \u00bb).<\/p>\r\n<p>Nous ne collectons pas sciemment d&rsquo;informations personnellement identifiables aupr\u00e8s de personnes de moins de 18 ans. Si vous \u00eates un parent ou un tuteur et que vous savez que vos enfants nous ont fourni des Donn\u00e9es personnelles, veuillez nous contacter. Si nous apprenons que nous avons collect\u00e9 des Donn\u00e9es personnelles de mineurs sans v\u00e9rifier le consentement parental, nous prenons des mesures pour supprimer ces informations de nos serveurs.<\/p>\r\n<h2>Modifications de cette politique<\/h2>\r\n<p>Nous pouvons mettre \u00e0 jour les r\u00e8gles de conduite en mati\u00e8re de protection des donn\u00e9es de temps \u00e0 autre. Nous vous informerons de tout changement en publiant la nouvelle Politique sur cette page.<\/p>\r\n<p>Nous vous recommandons de consulter p\u00e9riodiquement cette Politique de confidentialit\u00e9 pour tout changement, qui sera appliqu\u00e9 \u00e0 partir du moment o\u00f9 ils sont publi\u00e9s sur cette page.<\/p>\r\n<h2>Contacts<\/h2>\r\n<p>Si vous avez des questions au sujet de cette Politique, vous pouvez nous contacter :<\/p>\r\n<ul>\r\n<li>Via le formulaire de contact : <a href=\"https:\/\/primalabsa.ch\/fr\/contacts\/\">https:\/\/primalabsa.ch\/fr\/contacts\/<\/a><\/li>\r\n<li>En visitant cette page sur notre site internet : <a href=\"https:\/\/primalabsa.ch\/fr\/privacy\/\">https:\/\/primalabsa.ch\/fr\/privacy\/<\/a><\/li>\r\n<li>Par t\u00e9l\u00e9phone au : +41 (0) 91 605 10 30<\/li>\r\n<\/ul>","protected":false},"excerpt":{"rendered":"<p>Date d&rsquo;entr\u00e9e en vigueur : 12\/11\/2021 \u00c0 propos de nous PRIMA Lab SA Via Antonio Monti, 7 CH-6828 Balerna, Suisse Propri\u00e9taire du site www.primalabsa.ch (\u00ab\u00a0Service\u00a0\u00bb). D\u00e9finitions Service : il s&rsquo;agit du site primalabsa.ch g\u00e9r\u00e9 par PRIMA Lab SA. Donn\u00e9es personnelles : donn\u00e9es qui permettent l&rsquo;identification d&rsquo;une personne physique (nom, pr\u00e9nom, sexe ou autres informations en [&hellip;]<\/p>\n","protected":false},"author":1,"featured_media":0,"parent":0,"menu_order":0,"comment_status":"closed","ping_status":"open","template":"","meta":{"footnotes":""},"class_list":["post-16","page","type-page","status-publish","hentry"],"acf":[],"aioseo_notices":[],"_links":{"self":[{"href":"https:\/\/primalabsa.ch\/fr\/wp-json\/wp\/v2\/pages\/16","targetHints":{"allow":["GET"]}}],"collection":[{"href":"https:\/\/primalabsa.ch\/fr\/wp-json\/wp\/v2\/pages"}],"about":[{"href":"https:\/\/primalabsa.ch\/fr\/wp-json\/wp\/v2\/types\/page"}],"author":[{"embeddable":true,"href":"https:\/\/primalabsa.ch\/fr\/wp-json\/wp\/v2\/users\/1"}],"replies":[{"embeddable":true,"href":"https:\/\/primalabsa.ch\/fr\/wp-json\/wp\/v2\/comments?post=16"}],"version-history":[{"count":52,"href":"https:\/\/primalabsa.ch\/fr\/wp-json\/wp\/v2\/pages\/16\/revisions"}],"predecessor-version":[{"id":2083,"href":"https:\/\/primalabsa.ch\/fr\/wp-json\/wp\/v2\/pages\/16\/revisions\/2083"}],"wp:attachment":[{"href":"https:\/\/primalabsa.ch\/fr\/wp-json\/wp\/v2\/media?parent=16"}],"curies":[{"name":"wp","href":"https:\/\/api.w.org\/{rel}","templated":true}]}}