{"id":15,"date":"2021-05-11T13:43:49","date_gmt":"2021-05-11T13:43:49","guid":{"rendered":"http:\/\/box5826\/cgi\/addon_GT.cgi?s=GT::WP::Install::EIG+%28hipstore%29+-+10.0.87.10+%5BWordpress%3b+\/var\/hp\/common\/lib\/Wordpress.pm%3b+409%3b+Hosting::gap_call%5D\/?page_id=2"},"modified":"2023-08-29T09:44:20","modified_gmt":"2023-08-29T07:44:20","slug":"sample-page","status":"publish","type":"page","link":"https:\/\/primalabsa.ch\/fr\/","title":{"rendered":"Home page"},"content":{"rendered":"<p><\/p>\n<h2>STAY HEALTHY, LIVE BETTER<\/h2>\n<p class=\"p1\">Dans notre laboratoire, nous d\u00e9veloppons, \u00e9valuons et produisons des tests rapides, en nous concentrant toujours sur des solutions innovantes \u00e0 la port\u00e9e de tous.<\/p>\n<p><\/p>","protected":false},"excerpt":{"rendered":"<p>STAY HEALTHY, LIVE BETTER Dans notre laboratoire, nous d\u00e9veloppons, \u00e9valuons et produisons des tests rapides, en nous concentrant toujours sur des solutions innovantes \u00e0 la port\u00e9e de tous.<\/p>\n","protected":false},"author":1,"featured_media":0,"parent":0,"menu_order":0,"comment_status":"closed","ping_status":"open","template":"","meta":{"footnotes":""},"class_list":["post-15","page","type-page","status-publish","hentry"],"acf":[],"aioseo_notices":[],"_links":{"self":[{"href":"https:\/\/primalabsa.ch\/fr\/wp-json\/wp\/v2\/pages\/15","targetHints":{"allow":["GET"]}}],"collection":[{"href":"https:\/\/primalabsa.ch\/fr\/wp-json\/wp\/v2\/pages"}],"about":[{"href":"https:\/\/primalabsa.ch\/fr\/wp-json\/wp\/v2\/types\/page"}],"author":[{"embeddable":true,"href":"https:\/\/primalabsa.ch\/fr\/wp-json\/wp\/v2\/users\/1"}],"replies":[{"embeddable":true,"href":"https:\/\/primalabsa.ch\/fr\/wp-json\/wp\/v2\/comments?post=15"}],"version-history":[{"count":32,"href":"https:\/\/primalabsa.ch\/fr\/wp-json\/wp\/v2\/pages\/15\/revisions"}],"predecessor-version":[{"id":3705,"href":"https:\/\/primalabsa.ch\/fr\/wp-json\/wp\/v2\/pages\/15\/revisions\/3705"}],"wp:attachment":[{"href":"https:\/\/primalabsa.ch\/fr\/wp-json\/wp\/v2\/media?parent=15"}],"curies":[{"name":"wp","href":"https:\/\/api.w.org\/{rel}","templated":true}]}}