{"id":3712,"date":"2023-10-06T14:32:25","date_gmt":"2023-10-06T12:32:25","guid":{"rendered":"https:\/\/primalabsa.ch\/?page_id=3712"},"modified":"2023-10-17T14:15:10","modified_gmt":"2023-10-17T12:15:10","slug":"layperson-early-pregnancy-2023","status":"publish","type":"page","link":"https:\/\/primalabsa.ch\/en\/layperson-early-pregnancy-2023\/","title":{"rendered":"Layperson Early Pregnancy 2023"},"content":{"rendered":"<p><\/p>\n<div class=\"border-bottom-home py-4\">\n<h1><\/h1>\n<\/div>\n<div class=\"mt-3 border-bottom-home pb-4\">\n<h2 class=\"text-home\"><b>L&#8217;ORMONE hCG E LA GRAVIDANZA<\/b><\/h2>\n<div class=\"px-3\">\n<p>Early Detection Pregnancy Test \u00e8 un dispositivo autodiagnostico immunocromatografico rapido, per la rilevazione qualitativa dell&#8217;ormone Gonadotropina Corionica (hCG) nelle urine umane, come ausilio per l&#8217;identificazione precoce dello stato di gravidanza nelle donne.<\/p>\n<p>Nelle primissime fasi della gravidanza, l\u2019ovulo fecondato viene trasportato dalle tube verso l\u2019utero dove, circa sette giorni dopo, si annida. Proprio in questa fase, il tessuto che andr\u00e0 a formare la placenta inizia a produrre la Gonadotropina Corionica Umana (ormone hCG) fondamentale per lo sviluppo e il buon proseguimento della gravidanza.<\/p>\n<p>La rapida comparsa ed il veloce incremento della concentrazione dell\u2019ormone hCG nelle urine ne fanno un ottimo indicatore per la conferma di inizio gravidanza.<\/p>\n<\/div>\n<\/div>\n<div class=\"mt-3 border-bottom-home pb-4\">\n<h2 class=\"text-home\"><b>CONTENUTO<\/b><\/h2>\n<div class=\"px-3\">\n<p>Il numero di dispositivi contenuti nella confezione pu\u00f2 variare. Per conoscere il numero esatto di test contenuti, consultare la sezione \u201ccontenuto\u201d posta sull\u2019esterno della confezione acquistata.<\/p>\n<ul>\n<li aria-level=\"1\">\n<p>Buste di alluminio sigillate ermeticamente contenenti ognuna:<\/p>\n<ul>\n<li aria-level=\"2\">\n<p>1 dispositivo per il EARLY PREGNANCY TEST\u00a0<\/p>\n<\/li>\n<li aria-level=\"2\">\n<p>1 bustina essiccante<\/p>\n<\/li>\n<li aria-level=\"2\">\n<p>1 foglio di istruzioni per l\u2019uso<\/p>\n<\/li>\n<\/ul>\n<\/li>\n<\/ul>\n<p>Materiale necessario e non fornito: un timer.<\/p>\n<\/div>\n<\/div>\n<div class=\"mt-3 border-bottom-home pb-4\">\n<h2 class=\"text-home\"><b>PRECAUZIONI<\/span><\/h2>\n<div class=\"px-3\">\n<ul>\n<li aria-level=\"1\">\n<p>In vitro diagnostic device per uso individuale.<\/p>\n<\/li>\n<li aria-level=\"1\">\n<p>Leggere attentamente le presenti istruzioni per l\u2019uso prima di effettuare il test. ll test \u00e8 affidabile solo se le istruzioni sono attentamente rispettate.<\/p>\n<\/li>\n<li aria-level=\"1\">\n<p>Conservare il test lontano dalla portata dei bambini.<\/p>\n<\/li>\n<li aria-level=\"1\">\n<p>Non utilizzare il test dopo la data di scadenza oppure se la confezione e\/o i componenti interni risultano danneggiati.<\/p>\n<\/li>\n<li aria-level=\"1\">\n<p>Conservare i componenti del test a temperatura dai +4 \u00b0C ai +30 \u00b0C. Non congelare.<\/p>\n<\/li>\n<li aria-level=\"1\">\n<p>Test solo per l\u2019uso esterno e monouso. NON INGERIRE.<\/p>\n<\/li>\n<li aria-level=\"1\">\n<p>Dopo l\u2019uso, smaltire tutti i componenti secondo le norme locali vigenti.<\/p>\n<\/li>\n<li aria-level=\"1\">\n<p>Non intraprendere alcuna azione di rilevanza medica senza prima aver consultato il proprio medico curante.<\/p>\n<\/li>\n<li aria-level=\"1\">\n<p>Aprire la busta sigillata di alluminio solo prima dell\u2019esecuzione del test, prestare attenzione al segno di apertura. La bustina essiccante non deve essere utilizzata. Eliminarla smaltendola insieme ai rifiuti, senza aprirla.<\/p>\n<\/li>\n<\/ul>\n<\/div>\n<\/div>\n<div class=\"mt-3 border-bottom-home pb-4\">\n<h2 class=\"text-home\"><b>PROCEDURA D&#8217;UTILIZZO<\/b><\/h2>\n<div class=\"px-3\">\n<p><strong>ATTENZIONE:<\/strong> \u00e8 consigliato utilizzare la prima urina del mattino perch\u00e9 contiene una concentrazione pi\u00f9 elevata di\u00a0 hCG.<br \/>\nNel caso in cui il test sia stato conservato in frigorifero, portare tutti i componenti del test a temperatura ambiente (15-30\u00b0C) prima di eseguire il test.<\/p>\n<h1><\/h1>\n<ol>\n<li><b>Preparare il materiale necessario come segue: aprire la busta protettiva di alluminio, prendere il dispositivo per il test e gettare la bustina essiccante.<br \/>\n<\/b>Rimuovere il cappuccio protettivo (1) esponendo la punta assorbente (2). \u2013fig.A e girare il dispositivo in modo tale da avere la finestra di lettura (3) rivolta verso l\u2019alto.<\/li>\n<\/ol>\n<h1><b><img loading=\"lazy\" decoding=\"async\" class=\"alignnone size-medium wp-image-3728\" src=\"https:\/\/primalabsa.ch\/wp-content\/uploads\/2023\/10\/820010-instructions-illustrations2num-500x251.png\" alt=\"\" width=\"500\" height=\"251\" srcset=\"https:\/\/primalabsa.ch\/wp-content\/uploads\/2023\/10\/820010-instructions-illustrations2num-500x251.png 500w, https:\/\/primalabsa.ch\/wp-content\/uploads\/2023\/10\/820010-instructions-illustrations2num-1024x515.png 1024w, https:\/\/primalabsa.ch\/wp-content\/uploads\/2023\/10\/820010-instructions-illustrations2num-300x151.png 300w, https:\/\/primalabsa.ch\/wp-content\/uploads\/2023\/10\/820010-instructions-illustrations2num-768x386.png 768w, https:\/\/primalabsa.ch\/wp-content\/uploads\/2023\/10\/820010-instructions-illustrations2num.png 1052w\" sizes=\"auto, (max-width: 500px) 100vw, 500px\" \/><\/b><\/h1>\n<ol start=\"2\">\n<li><b> Mettere la punta assorbente direttamente sotto il flusso di urina per almeno 10 secondi, qualche secondo in pi\u00f9 non interferisce con il risultato. \u2013fig.B1<br \/>\n<\/b><strong>ATTENZIONE:<\/strong> Assicurarsi che le gocce di urina non vadano sulla finestra di lettura.<br \/>\nSe si preferisce \u00e8 anche possibile raccogliere le urine in un contenitore (non fornito) pulito e asciutto senza residui ed immergere completamente la punta assorbente. fig.B2 Utilizzare le urine appena raccolte<\/li>\n<\/ol>\n<h1><b><img loading=\"lazy\" decoding=\"async\" class=\"alignnone size-medium wp-image-3729\" src=\"https:\/\/primalabsa.ch\/wp-content\/uploads\/2023\/10\/820010-instructions-illustrations3-500x251.png\" alt=\"\" width=\"500\" height=\"251\" srcset=\"https:\/\/primalabsa.ch\/wp-content\/uploads\/2023\/10\/820010-instructions-illustrations3-500x251.png 500w, https:\/\/primalabsa.ch\/wp-content\/uploads\/2023\/10\/820010-instructions-illustrations3-1024x515.png 1024w, https:\/\/primalabsa.ch\/wp-content\/uploads\/2023\/10\/820010-instructions-illustrations3-300x151.png 300w, https:\/\/primalabsa.ch\/wp-content\/uploads\/2023\/10\/820010-instructions-illustrations3-768x386.png 768w, https:\/\/primalabsa.ch\/wp-content\/uploads\/2023\/10\/820010-instructions-illustrations3.png 1052w\" sizes=\"auto, (max-width: 500px) 100vw, 500px\" \/><\/b><\/h1>\n<h1><b><img loading=\"lazy\" decoding=\"async\" class=\"alignnone size-medium wp-image-3730\" src=\"https:\/\/primalabsa.ch\/wp-content\/uploads\/2023\/10\/820010-instructions-illustrations4-500x251.png\" alt=\"\" width=\"500\" height=\"251\" srcset=\"https:\/\/primalabsa.ch\/wp-content\/uploads\/2023\/10\/820010-instructions-illustrations4-500x251.png 500w, https:\/\/primalabsa.ch\/wp-content\/uploads\/2023\/10\/820010-instructions-illustrations4-1024x515.png 1024w, https:\/\/primalabsa.ch\/wp-content\/uploads\/2023\/10\/820010-instructions-illustrations4-300x151.png 300w, https:\/\/primalabsa.ch\/wp-content\/uploads\/2023\/10\/820010-instructions-illustrations4-768x386.png 768w, https:\/\/primalabsa.ch\/wp-content\/uploads\/2023\/10\/820010-instructions-illustrations4.png 1052w\" sizes=\"auto, (max-width: 500px) 100vw, 500px\" \/><\/b><\/h1>\n<ol start=\"3\">\n<li><b> Riposizionare il cappuccio protettivo sulla punta assorbente. \u2013fig.C e posizionare il test su una superficie piana e asciutta, con la finestra di lettura rivolta verso l&#8217;altro. \u2013fig.D<\/b><\/li>\n<\/ol>\n<h1><b><img loading=\"lazy\" decoding=\"async\" class=\"alignnone size-medium wp-image-3731\" src=\"https:\/\/primalabsa.ch\/wp-content\/uploads\/2023\/10\/820010-instructions-illustrations5-500x251.png\" alt=\"\" width=\"500\" height=\"251\" srcset=\"https:\/\/primalabsa.ch\/wp-content\/uploads\/2023\/10\/820010-instructions-illustrations5-500x251.png 500w, https:\/\/primalabsa.ch\/wp-content\/uploads\/2023\/10\/820010-instructions-illustrations5-1024x515.png 1024w, https:\/\/primalabsa.ch\/wp-content\/uploads\/2023\/10\/820010-instructions-illustrations5-300x151.png 300w, https:\/\/primalabsa.ch\/wp-content\/uploads\/2023\/10\/820010-instructions-illustrations5-768x386.png 768w, https:\/\/primalabsa.ch\/wp-content\/uploads\/2023\/10\/820010-instructions-illustrations5.png 1052w\" sizes=\"auto, (max-width: 500px) 100vw, 500px\" \/><\/b><\/h1>\n<h1><b><img loading=\"lazy\" decoding=\"async\" class=\"alignnone size-medium wp-image-3732\" src=\"https:\/\/primalabsa.ch\/wp-content\/uploads\/2023\/10\/820010-instructions-illustrations6-500x251.png\" alt=\"\" width=\"500\" height=\"251\" srcset=\"https:\/\/primalabsa.ch\/wp-content\/uploads\/2023\/10\/820010-instructions-illustrations6-500x251.png 500w, https:\/\/primalabsa.ch\/wp-content\/uploads\/2023\/10\/820010-instructions-illustrations6-1024x515.png 1024w, https:\/\/primalabsa.ch\/wp-content\/uploads\/2023\/10\/820010-instructions-illustrations6-300x151.png 300w, https:\/\/primalabsa.ch\/wp-content\/uploads\/2023\/10\/820010-instructions-illustrations6-768x386.png 768w, https:\/\/primalabsa.ch\/wp-content\/uploads\/2023\/10\/820010-instructions-illustrations6.png 1052w\" sizes=\"auto, (max-width: 500px) 100vw, 500px\" \/><\/b><\/h1>\n<ol start=\"4\">\n<li><b>Attendere 5 minuti per la lettura dei risultati. Non muovere il dispositivo durante l&#8217;attesa.<\/b><\/li>\n<\/ol>\n<\/div>\n<\/div>\n<div class=\"mt-3 border-bottom-home pb-4\">\n<h2 class=\"text-home\"><b>INTERPRETAZIONE DEI RISULTATI<\/b><\/h2>\n<div class=\"px-3\">\n<strong>LEGGERE IL RISULTATO DOPO 5 MINUTI<\/strong><\/p>\n<h4 class=\"text-home\"><strong>RISULTATO POSITIVO (INCINTA)<\/strong><\/h4>\n<p><b>Due linee colorate appaiono nella finestra di lettura nelle regioni T (Test) e C (Controllo).<\/b><\/p>\n<p>L\u2019intensit\u00e0 della linea T (Test) pu\u00f2 essere anche molto pi\u00f9 chiara o scura rispetto alla linea C (Controllo).<\/p>\n<p>Questo indica che la concentrazione dell\u2019ormone hCG nelle urine \u00e8 uguale o superiore a 10 mUI\/ml indicando lo stato di gravidanza. Forti positivi appaiono prima del quinto minuto.<\/p>\n<p><img decoding=\"async\" src=\"https:\/\/primalabsa.ch\/wp-content\/uploads\/2023\/10\/Screenshot-2023-10-10-alle-12.36.09-453x500.png\" alt=\"\" width=\"200\" class=\"alignnone size-medium wp-image-3756\" srcset=\"https:\/\/primalabsa.ch\/wp-content\/uploads\/2023\/10\/Screenshot-2023-10-10-alle-12.36.09-453x500.png 453w, https:\/\/primalabsa.ch\/wp-content\/uploads\/2023\/10\/Screenshot-2023-10-10-alle-12.36.09-272x300.png 272w, https:\/\/primalabsa.ch\/wp-content\/uploads\/2023\/10\/Screenshot-2023-10-10-alle-12.36.09.png 742w\" sizes=\"(max-width: 453px) 100vw, 453px\" \/><\/p>\n<h4 class=\"text-home\"><strong>NEGATIVO (NON INCINTA)<\/strong><\/h4>\n<p><b>Appare solo una linea colorata nella regione C (Controllo).<\/b><\/p>\n<p>Questo indica che la concentrazione dell\u2019ormone hCG nelle urine \u00e8 inferiore a 10 mUI\/ml e che non sei incinta o \u00e8 troppo presto per identificare l&#8217;ormone hCG.<\/p>\n<p><img decoding=\"async\" src=\"https:\/\/primalabsa.ch\/wp-content\/uploads\/2023\/10\/Screenshot-2023-10-10-alle-12.36.28-500x292.png\" alt=\"\" width=\"200\" class=\"alignnone size-medium wp-image-3755\" srcset=\"https:\/\/primalabsa.ch\/wp-content\/uploads\/2023\/10\/Screenshot-2023-10-10-alle-12.36.28-500x292.png 500w, https:\/\/primalabsa.ch\/wp-content\/uploads\/2023\/10\/Screenshot-2023-10-10-alle-12.36.28-300x175.png 300w, https:\/\/primalabsa.ch\/wp-content\/uploads\/2023\/10\/Screenshot-2023-10-10-alle-12.36.28.png 754w\" sizes=\"(max-width: 500px) 100vw, 500px\" \/><\/p>\n<h4 class=\"text-home\"><strong>INVALIDO<\/strong><\/h4>\n<p><b>Non si sviluppa alcuna linea nella regione C (Controllo)<\/b><\/p>\n<p>Le cause pi\u00f9 frequenti di risultato invalido sono:<\/p>\n<p>a) la punta assorbente \u00e8 stata immersa troppo a lungo o troppo poco;<\/p>\n<p>b) la finestra di lettura \u00e8 stata bagnata da schizzi di urina durante il posizionamento sotto il getto urinario.<\/p>\n<p><img decoding=\"async\" src=\"https:\/\/primalabsa.ch\/wp-content\/uploads\/2023\/10\/Screenshot-2023-10-10-alle-12.36.45-453x500.png\" alt=\"\" width=\"200\" class=\"alignnone size-medium wp-image-3754\" srcset=\"https:\/\/primalabsa.ch\/wp-content\/uploads\/2023\/10\/Screenshot-2023-10-10-alle-12.36.45-453x500.png 453w, https:\/\/primalabsa.ch\/wp-content\/uploads\/2023\/10\/Screenshot-2023-10-10-alle-12.36.45-272x300.png 272w, https:\/\/primalabsa.ch\/wp-content\/uploads\/2023\/10\/Screenshot-2023-10-10-alle-12.36.45-768x847.png 768w, https:\/\/primalabsa.ch\/wp-content\/uploads\/2023\/10\/Screenshot-2023-10-10-alle-12.36.45.png 843w\" sizes=\"(max-width: 453px) 100vw, 453px\" \/>\n<\/div>\n<\/div>\n<div class=\"mt-3 border-bottom-home pb-4\">\n<h2 class=\"text-home\"><b>F.A.Q. \u2013 DOMANDE E RISPOSTE<\/b><\/h2>\n<div class=\"px-3\">\n<h4 class=\"text-home\"><strong>QUANDO SI PUO&#8217; EFFETTUARE IL TEST?<\/strong><\/h4>\n<p>Il test pu\u00f2 essere eseguito 6 giorni prima del ritardo in cui sono previste le mestruazioni, si consiglia di utilizzare la prima urina del mattino\u00a0 E&#8217; raccomandato non bere troppo prima di eseguire il test. In caso di cicli irregolari, considerare il periodo pi\u00f9 lungo tra i cicli mestruali degli ultimi mesi . Riferirsi alla tabella sotto riportata.<\/p>\n<h4 class=\"text-home\"><strong>QUAL \u00c8 L&#8217;ACCURATEZZA DEL TEST?<\/strong><\/h4>\n<p>Report di valutazione mostrano una concordanza pari al 100% (IC 95%: 100%) con i metodi di riferimento.<\/p>\n<h4 class=\"text-home\"><strong>ALCUNI FARMACI O TRATTAMENTI POSSONO INFLUENZARE IL RISULTATO DEL TEST?<\/strong><\/h4>\n<p>I risultati possono essere erroneamente positivi o negativi a causa di problemi ormonali metabolici o se si assumono farmaci per l\u2019infertilit\u00e0 contenenti hCG. Altre terapie per l\u2019infertilit\u00e0 (come il citrato di clomifene), antidolorifici e contraccettivi ormonali (come la pillola anticoncezionale) non dovrebbero influire sul risultato. Tuttavia se si \u00e8 smesso di recente di prendere contraccettivi ormonali o si \u00e8 in corso di terapie per l\u2019infertilit\u00e0, le mestruazioni potrebbero essere irregolari e indurre a un\u2019esecuzione anticipata del test. In caso di parto\/aborto recente, si possono ottenere risultati falsamente positivi a causa dell\u2019ormone hCG ancora in circolazione.<\/p>\n<p>Nel caso di risultati inattesi o contraddittori, si consiglia di consultare il ginecologo, in quanto alcuni problemi di salute possono alterare il risultato del test.<\/p>\n<h4 class=\"text-home\"><strong>COSA FARE IN CASO DI RISULTATO POSITIVO?<\/strong><\/h4>\n<p>Si consiglia di consultare il proprio ginecologo per confermare lo stato di gravidanza.<\/p>\n<h4 class=\"text-home\"><strong>COSA FARE IN CASO DI RISULTATO NEGATIVO?<\/strong><\/h4>\n<p>Un risultato negativo significa che non sei incinta o che si \u00e8 eseguito il test troppo presto (i livelli ormonali all&#8217;inizio della gravidanza possono variare da donna a donna). Se sospetti una gravidanza, ripeti il test tra 2 o 3 giorni con un nuovo dispositivo. Se continui a non avere il ciclo con risultato negativo, consulta il tuo medico.<\/p>\n<h4 class=\"text-home\"><strong>QUALI SONO LE SITUAZIONI CHE POSSONO INFLUENZARE IL RISULTATO DEL TEST?<\/strong><\/h4>\n<p>Seguendo accuratamente le istruzioni per l\u2019uso si hanno risultati corretti, tuttavia si possono avere risultati non corretti se il dispositivo per il test viene inumidito prima di eseguire il test o in caso di calcolo errato delle mestruazioni attese.\u00a0 Un risultato negativo pu\u00f2 essere dovuto ad uno stato di perimenopausa, che necessita di approfondimento con il proprio medico. Una eccessiva diluizione delle urine, per via dell&#8217;assunzione di troppi liquidi prima dell&#8217;esecuzione del test, pu\u00f2 influenzare il risultato del test poich\u00e9\u00a0 va a diminuire il livello di hCG nelle urine.<\/p>\n<h4><\/h4>\n<p><img loading=\"lazy\" decoding=\"async\" class=\"alignnone size-medium wp-image-3735\" src=\"https:\/\/primalabsa.ch\/wp-content\/uploads\/2023\/10\/Screenshot-2023-10-06-alle-14.31.16-500x147.png\" alt=\"\" width=\"500\" height=\"147\" srcset=\"https:\/\/primalabsa.ch\/wp-content\/uploads\/2023\/10\/Screenshot-2023-10-06-alle-14.31.16-500x147.png 500w, https:\/\/primalabsa.ch\/wp-content\/uploads\/2023\/10\/Screenshot-2023-10-06-alle-14.31.16-1024x302.png 1024w, https:\/\/primalabsa.ch\/wp-content\/uploads\/2023\/10\/Screenshot-2023-10-06-alle-14.31.16-300x88.png 300w, https:\/\/primalabsa.ch\/wp-content\/uploads\/2023\/10\/Screenshot-2023-10-06-alle-14.31.16-768x226.png 768w, https:\/\/primalabsa.ch\/wp-content\/uploads\/2023\/10\/Screenshot-2023-10-06-alle-14.31.16.png 1460w\" sizes=\"auto, (max-width: 500px) 100vw, 500px\" \/>\n<\/div>\n<\/div>\n<div class=\"mt-3 border-bottom-home pb-4\">\n<span style=\"font-weight: 400;\">Additional:<\/span> <span style=\"font-weight: 400;\">&#8220;Hai bisogno di informazioni aggiuntive, assistenza o vuoi segnalare una problematica?\u00a0<\/span><br \/>\n<span style=\"font-weight: 400;\">Contattaci al seguente indirizzo mail <strong><a href=\"mailto:support@primalabsa.ch\">support@primalabsa.ch<\/span><\/a><\/strong>.<\/span><br \/>\n<span style=\"font-weight: 400;\">In caso di qualsiasi incidente grave verificatosi in relazione al dispositivo si prega di informare l\u2019autorit\u00e0 sanitaria locale e il fabbricante<\/span>\n<\/div>\n<div class=\"mt-3 border-bottom-home pb-4\">\n<h2 class=\"text-home\"><b>REFERENCES<\/b><\/h2>\n<div class=\"px-3\">\n<ol start=\"1\">\n<li>&#8220;Larsen, John, Philip Buchanan, Sarah Johnson, Sonya Godbert, and Michael Zinaman. \u201cHuman Chorionic Gonadotropin as a Measure of Pregnancy Duration.\u201d International Journal of Gynaecology and Obstetrics: The Official Organ of the International Federation of Gynaecology and Obstetrics 123, no. 3 (December 2013): 189\u201395.<br \/>\n<a class=\"small pointer text-home\" href=\"https:\/\/doi.org\/10.1016\/j.ijgo.2013.05.028.\">https:\/\/doi.org\/10.1016\/j.ijgo.2013.05.028.<\/a><\/li>\n<li>Cole, Laurence A., Stephen DuToit, and Trefor N. Higgins. \u201cTotal HCG Tests.\u201d Clinica Chimica Acta; International Journal of Clinical Chemistry 412, no. 23\u201324 (November 20, 2011): 2216\u201322.<br \/>\n<a class=\"small pointer text-home\" href=\"https:\/\/doi.org\/10.1016\/j.cca.2011.08.006.\">https:\/\/doi.org\/10.1016\/j.cca.2011.08.006.<\/a><\/li>\n<li>Pike, Joanna, Sonya Godbert, and Sarah Johnson. \u201cComparison of Volunteers\u2019 Experience of Using, and Accuracy of Reading, Different Types of Home Pregnancy Test Formats.\u201d Expert Opinion on Medical Diagnostics 7, no. 5 (September 2013): 435\u201341.<br \/>\n<a class=\"small pointer text-home\" href=\"https:\/\/doi.org\/10.1517\/17530059.2013.830103.\">https:\/\/doi.org\/10.1517\/17530059.2013.830103.<\/a><\/li>\n<\/ol>\n<\/div>\n<\/div>\n<p><\/p>","protected":false},"excerpt":{"rendered":"<p>L&#8217;ORMONE hCG E LA GRAVIDANZA Early Detection Pregnancy Test \u00e8 un dispositivo autodiagnostico immunocromatografico rapido, per la rilevazione qualitativa dell&#8217;ormone Gonadotropina Corionica (hCG) nelle urine umane, come ausilio per l&#8217;identificazione precoce dello stato di gravidanza nelle donne. Nelle primissime fasi della gravidanza, l\u2019ovulo fecondato viene trasportato dalle tube verso l\u2019utero dove, circa sette giorni dopo, [&hellip;]<\/p>\n","protected":false},"author":2,"featured_media":0,"parent":0,"menu_order":0,"comment_status":"closed","ping_status":"closed","template":"","meta":{"footnotes":""},"class_list":["post-3712","page","type-page","status-publish","hentry"],"acf":[],"aioseo_notices":[],"_links":{"self":[{"href":"https:\/\/primalabsa.ch\/en\/wp-json\/wp\/v2\/pages\/3712","targetHints":{"allow":["GET"]}}],"collection":[{"href":"https:\/\/primalabsa.ch\/en\/wp-json\/wp\/v2\/pages"}],"about":[{"href":"https:\/\/primalabsa.ch\/en\/wp-json\/wp\/v2\/types\/page"}],"author":[{"embeddable":true,"href":"https:\/\/primalabsa.ch\/en\/wp-json\/wp\/v2\/users\/2"}],"replies":[{"embeddable":true,"href":"https:\/\/primalabsa.ch\/en\/wp-json\/wp\/v2\/comments?post=3712"}],"version-history":[{"count":40,"href":"https:\/\/primalabsa.ch\/en\/wp-json\/wp\/v2\/pages\/3712\/revisions"}],"predecessor-version":[{"id":3773,"href":"https:\/\/primalabsa.ch\/en\/wp-json\/wp\/v2\/pages\/3712\/revisions\/3773"}],"wp:attachment":[{"href":"https:\/\/primalabsa.ch\/en\/wp-json\/wp\/v2\/media?parent=3712"}],"curies":[{"name":"wp","href":"https:\/\/api.w.org\/{rel}","templated":true}]}}