{"id":16,"date":"2021-05-11T13:43:49","date_gmt":"2021-05-11T13:43:49","guid":{"rendered":"http:\/\/box5826\/cgi\/addon_GT.cgi?s=GT::WP::Install::EIG+%28hipstore%29+-+10.0.87.10+%5BWordpress%3b+\/var\/hp\/common\/lib\/Wordpress.pm%3b+409%3b+Hosting::gap_call%5D\/?page_id=3"},"modified":"2021-11-23T17:08:37","modified_gmt":"2021-11-23T16:08:37","slug":"privacy","status":"publish","type":"page","link":"https:\/\/primalabsa.ch\/de\/privacy\/","title":{"rendered":"Privacy Policy"},"content":{"rendered":"<h6>Datum des Inkrafttretens: 11.12.2021<\/h6>\r\n<h2>\u00dcber uns<\/h2>\r\n<p><strong>PRIMA Lab SA<\/strong><\/p>\r\n<p>Via Antonio Monti, 7<\/p>\r\n<p>CH-6828 Balerna, Schweiz<\/p>\r\n<p>Inhaber der Website <a href=\"https:\/\/primalabsa.ch\/de\/\">www.primalabsa.ch<\/a> (&#8222;Dienst&#8220;).<\/p>\r\n<h2>Definitionen<\/h2>\r\n<ul>\r\n<li>\r\n<p><strong>Dienst<\/strong>: Dies ist die Website www.primalabsa.ch, <a href=\"https:\/\/primalabsa.ch\/de\/\">die<\/a> von PRIMA Lab SA verwaltet wird.<\/p>\r\n<\/li>\r\n<li>\r\n<p><strong>Personenbezogene Daten<\/strong>: Daten, die die Identifizierung einer nat\u00fcrlichen Person erm\u00f6glichen (Name, Nachname, Geschlecht oder andere Informationen, die in unserem Besitz sind oder in unseren Besitz gelangen k\u00f6nnten).<\/p>\r\n<\/li>\r\n<li>\r\n<p><strong>Nutzungsdaten<\/strong>: alle gesammelten Daten, die automatisch durch die Nutzung des Dienstes oder durch die Infrastruktur des Dienstes selbst generiert werden (z. B. die Dauer eines Seitenbesuchs).<\/p>\r\n<\/li>\r\n<li>\r\n<p><strong>Cookies<\/strong>: Dies sind kleine Daten, die auf dem Ger\u00e4t (Computer oder Mobilger\u00e4t) gespeichert werden.<\/p>\r\n<\/li>\r\n<li>\r\n<p><strong>Datenverantwortlicher: Das bezeichnet die nat\u00fcrliche<\/strong> oder juristische Person, die (einzeln oder zusammen mit anderen) die Zwecke und Mittel bestimmt, mit denen personenbezogene Daten verarbeitet sein oder werden. F\u00fcr die Zwecke dieser Richtlinie ist PRIMA Lab SA f\u00fcr die Verarbeitung personenbezogener Daten verantwortlich, im Folgenden \u201ewir\u201c, \u201eunser\u201c.<\/p>\r\n<\/li>\r\n<li>\r\n<p><strong>Datenverarbeiter (oder Dienstleister): Jede nat\u00fcrliche oder juristische Person, die die Daten im Auftrag des Datenverantwortlichen verarbeitet<\/strong>. Wir k\u00f6nnen die Dienste verschiedener Anbieter nutzen, um die Daten effektiver zu verarbeiten.<\/p>\r\n<\/li>\r\n<li>\r\n<p><strong>Benutzer<\/strong>: eine nat\u00fcrliche Person, die unseren Dienst nutzt und die personenbezogenen Daten besitzt.<\/p>\r\n<\/li>\r\n<li>\r\n<p><strong>Marken<\/strong>: Alle eingetragenen oder nicht eingetragenen Marken, im Besitz von PRIMA Lab SA.<\/p>\r\n<\/li>\r\n<li>\r\n<p><strong>Dienstanbieter: Drittunternehmen und<\/strong> Einzelpersonen, die eingesetzt werden, um die Analyse und Nutzung des Dienstes zu erleichtern.<\/p>\r\n<\/li>\r\n<\/ul>\r\n<h2>Geistiges Eigentum und Copyright<\/h2>\r\n<p>Die gesamte Website <a href=\"https:\/\/primalabsa.ch\/de\/\">www.primalabsa.ch<\/a>, die Texte, Bilder, Logos und T\u00f6nen sind als ausschlie\u00dfliches Eigentum der PRIMA Lab SA zu betrachten und unterliegen dem Urheberrecht als Einzel- und\/oder Verbund- und\/oder Kollektivwerk gem\u00e4\u00df Urheberrechtsgesetz. Jegliche unbefugte Verwendung dieses Materials, wie beispielsweise, aber nicht beschr\u00e4nkt auf die Speicherung, \u00c4nderung, Ver\u00f6ffentlichung, Verbreitung, \u00dcbersetzung, Umsetzung, \u00dcbertragung, vollst\u00e4ndige oder teilweise Reproduktion der Website oder von Teilen davon, von Texten, Bildern, Logos und T\u00f6nen derselben sind untersagt, es sei denn, PRIMA Lab SA hat im Einzelfall eine vorherige und ausdr\u00fcckliche schriftliche Genehmigung erteilt.<\/p>\r\n<h2>Marken<\/h2>\r\n<p>Der Inhalt des Dienstes kann aus irgendeinem Grund weder ausdr\u00fccklich noch stillschweigend als Genehmigung oder Lizenz zur Verwendung der Marken gelten. Jegliche Verwendung der Marken oder \u00e4hnlicher oder verwirrender Namen ist untersagt und wird strafrechtlich verfolgt.<\/p>\r\n<h2>Ausschluss der Haftung und Garantien<\/h2>\r\n<p>Der Dienst wird dem Benutzer zu seinen aktuellen Bedingungen zur Verf\u00fcgung gestellt, ohne ausdr\u00fcckliche oder stillschweigende Garantien, einschlie\u00dflich, aber nicht beschr\u00e4nkt auf, Garantien f\u00fcr Genauigkeit, Zuverl\u00e4ssigkeit, Eigentum, Nichtverletzung, Eignung f\u00fcr bestimmte Zwecke oder andere Garantien, Bedingungen, Versicherung oder Erkl\u00e4rung.<\/p>\r\n<p>PRIMA Lab SA garantiert in keiner Weise, dass der Zugriff auf die Website nicht unterbrochen wird oder dass sie frei von St\u00f6rungen, Fehlern, Auslassungen oder dem Verlust der \u00fcbertragenen Informationen ist. Der Zugang, die Navigation und jede Form der Nutzung der Website unterliegen der alleinigen Verantwortung des Benutzers.<\/p>\r\n<p>PRIMA Lab SA, ihre Gesch\u00e4ftsf\u00fchrer, Manager, Agenten und Mitarbeiter sowie alle an der Konzeption, Erstellung, Produktion und Verbreitung des Dienstes beteiligten Personen k\u00f6nnen nicht f\u00fcr direkte oder indirekte Sch\u00e4den jeglicher Art und Gr\u00f6\u00dfe verantwortlich gemacht werden aus der Nutzung der Website <a href=\"https:\/\/primalabsa.ch\/de\/\">www.primalabsa.ch<\/a>.<\/p>\r\n<h2>Verarbeitung der Daten<\/h2>\r\n<h4>Arten der gesammelten Daten<\/h4>\r\n<p><em>Personenbezogene Daten<\/em><\/p>\r\n<p>W\u00e4hrend der Nutzung unseres Dienstes bitten wir Sie m\u00f6glicherweise, uns bestimmte personenbezogene Daten zur Verf\u00fcgung zu stellen, die verwendet werden k\u00f6nnen, um Sie zu kontaktieren oder zu identifizieren (&#8222;personenbezogene Daten&#8220;). Pers\u00f6nlich identifizierbare Informationen k\u00f6nnen beinhalten, sind aber nicht beschr\u00e4nkt auf:<\/p>\r\n<ul>\r\n<li>Vor- und Nachname<\/li>\r\n<li>Geschlecht<\/li>\r\n<li>E-Mail-Adresse<\/li>\r\n<li>Telefonnummer<\/li>\r\n<li>Land<\/li>\r\n<li>Cookies und Nutzungsdaten<\/li>\r\n<\/ul>\r\n<p>Wir k\u00f6nnen Ihre personenbezogenen Daten verwenden, um Sie mit Newslettern, Werbe- oder Marketingmaterialien und anderen Informationen zu kontaktieren, die f\u00fcr Sie von Interesse sein k\u00f6nnten. Sie k\u00f6nnen w\u00e4hlen, ob Sie keine oder alle dieser Mitteilungen erhalten m\u00f6chten, indem Sie die Anfrage \u00fcber den Link www.primalabsa.ch\/contacts <a href=\"http:\/\/www.primalabsa.ch\/de\/contacts\">ausf\u00fcllen<\/a><\/p>\r\n<p><em>Nutzungsdaten<\/em><\/p>\r\n<p>Wir k\u00f6nnen Informationen dar\u00fcber sammeln, wie Sie auf den Dienst zugreifen und ihn nutzen (&#8222;Nutzungsdaten&#8220;). Diese Daten k\u00f6nnen Informationen wie die Internet-Protokoll-Adresse Ihrer Verbindung (&#8222;IP-Adresse&#8220;), Browsertyp, Browserversion, die besuchten Seiten des Dienstes, die Uhrzeit und das Datum des Besuchs, die auf diesen Seiten verbrachte Zeit enthalten, Ger\u00e4tekennungen und andere Diagnosedaten.<\/p>\r\n<p><em>Verfolgung von Cookie-Daten<\/em><\/p>\r\n<p>Wir verwenden Cookies und \u00e4hnliche Technologien, um Aktivit\u00e4ten auf unserem Dienst zu verfolgen und bestimmte Informationen zu speichern.<\/p>\r\n<p>Cookies sind Token oder kleine Datenpakete, die eine anonyme eindeutige Kennung enthalten k\u00f6nnen. Cookies werden von einer Website an Ihren Browser gesendet und auf Ihrem Ger\u00e4t gespeichert. Zu den von uns verwendeten \u00dcberwachungstechnologien geh\u00f6ren Beacons, Tags und Skripte, um Informationen zu sammeln und zu verfolgen und um unseren Service zu verbessern und zu analysieren.<\/p>\r\n<p>Sie k\u00f6nnen Ihren Browser bitten, alle Cookies abzulehnen oder anzugeben, wann ein Cookie gesendet wird. Wenn Sie jedoch keine Cookies akzeptieren, k\u00f6nnen Sie m\u00f6glicherweise einige Teile unseres Dienstes nicht nutzen.<\/p>\r\n<p>Beispiele f\u00fcr Cookies, die wir verwenden k\u00f6nnten:<\/p>\r\n<ul>\r\n<li><strong>Sitzungs-Cookies: <\/strong>Wir verwenden diese Cookies, um unseren Service zu verwalten.<\/li>\r\n<li><strong>Pr\u00e4ferenz-Cookies: <\/strong>Wir verwenden diese Cookies, um Ihre Pr\u00e4ferenzen und verschiedene Einstellungen zu speichern.<\/li>\r\n<li><strong>Sicherheits-Cookies: <\/strong>Wir verwenden diese Cookies aus Sicherheitsgr\u00fcnden.<\/li>\r\n<\/ul>\r\n<p><em>Datenabfrage<\/em><\/p>\r\n<p><strong>PRIMA Lab SA<\/strong> verwendet die gesammelten Daten f\u00fcr verschiedene Zwecke:<\/p>\r\n<ul>\r\n<li>Bereitstellung und Wartung unseres Dienstes<\/li>\r\n<li>Sie \u00fcber \u00c4nderungen an unserem Service zu benachrichtigen<\/li>\r\n<li>Unterst\u00fctzung der Kunden<\/li>\r\n<li>Wertvolle Analysen oder Informationen zu sammeln, um unseren Service zu verbessern<\/li>\r\n<li>Die Nutzung unseres Dienstes zu \u00fcberwachen<\/li>\r\n<li>Technische Probleme zu erkennen, verhindern und l\u00f6sen<\/li>\r\n<\/ul>\r\n<h4>Rechtsgrundlage f\u00fcr die Verarbeitung personenbezogener Daten gem\u00e4\u00df der Datenschutz-Grundverordnung (DSGVO)<\/h4>\r\n<p>Wenn Sie aus dem Europ\u00e4ischen Wirtschaftsraum (EWR) kommen, h\u00e4ngt die Rechtsgrundlage der PRIMA Lab SA f\u00fcr die Erhebung und Verwendung der in dieser Richtlinie beschriebenen personenbezogenen Informationen von den von uns gesammelten personenbezogenen Daten und dem spezifischen Kontext, in dem sie erhoben werden, ab.<\/p>\r\n<p>PRIMA Lab SA ist berechtigt, Ihre personenbezogenen Daten zu verarbeiten, weil:<\/p>\r\n<ul>\r\n<li>Sie uns die Erlaubnis dazu erteilt haben, oder<\/li>\r\n<li>die Datenverarbeitung zur Durchf\u00fchrung eines Vertrages, dessen Vertragspartei Sie sind, oder zur Durchf\u00fchrung vorvertraglicher Ma\u00dfnahmen auf Ihre Anfrage hin erforderlich ist, oder<\/li>\r\n<li>die Verarbeitung zur Verfolgung unseres berechtigten Interesses erforderlich ist, sofern Ihre Interessen oder Grundrechte und Grundfreiheiten, die den Schutz Ihrer personenbezogenen Daten erfordern, nicht \u00fcberwiegen, oder<\/li>\r\n<li>zur Erf\u00fcllung einer rechtlichen Verpflichtung, der wir unterliegen<\/li>\r\n<\/ul>\r\n<h4>Datenspeicherung<\/h4>\r\n<p>PRIMA Lab SA speichert Ihre personenbezogenen Daten nur f\u00fcr die Zeit, die f\u00fcr die in dieser Mitteilung angegebenen Zwecke erforderlich ist. Wir werden Ihre personenbezogenen Daten im erforderlichen Umfang aufbewahren und verwenden, um unseren gesetzlichen Verpflichtungen nachzukommen (z. B. wenn wir Ihre Daten zur Einhaltung geltender Gesetze aufbewahren m\u00fcssen), Streitigkeiten beilegen und unsere Vereinbarungen und Verhaltensregeln durchsetzen.<\/p>\r\n<p>PRIMA Lab SA speichert auch Nutzungsdaten f\u00fcr interne Analysezwecke. Nutzungsdaten werden grunds\u00e4tzlich f\u00fcr einen k\u00fcrzeren Zeitraum aufbewahrt, es sei denn, diese Daten werden zur Erh\u00f6hung der Sicherheit, zur Verbesserung der Funktionalit\u00e4t unseres Dienstes verwendet oder wir sind gesetzlich verpflichtet, diese Daten f\u00fcr l\u00e4ngere Zeit aufzubewahren.<\/p>\r\n<h4>Offenlegung von Daten<\/h4>\r\n<p><em>Offenlegung f\u00fcr die Strafverfolgung<\/em><\/p>\r\n<p>Unter bestimmten Umst\u00e4nden kann PRIMA Lab SA verpflichtet sein, die personenbezogenen Daten des Benutzers offenzulegen, wenn dies gesetzlich vorgeschrieben ist oder als Reaktion auf g\u00fcltige Anfragen von Beh\u00f6rden (z. B. einem Gericht oder einer Regierungsbeh\u00f6rde).<\/p>\r\n<p><em>Rechtliche Anforderungen<\/em><\/p>\r\n<p>PRIMA Lab SA kann Ihre personenbezogenen Daten nach Treu und Glauben offenlegen und glaubt, dass diese Ma\u00dfnahme erforderlich ist, um:<\/p>\r\n<ul>\r\n<li>einer gesetzlichen Verpflichtung einzuhalten<\/li>\r\n<li>die Rechte oder das Eigentum von PRIMA Lab SA zu sch\u00fctzen und verteidigen<\/li>\r\n<li>m\u00f6gliches Fehlverhalten im Zusammenhang mit dem Service zu verhindern oder zu untersuchen<\/li>\r\n<li>die pers\u00f6nliche Sicherheit der Benutzer oder der \u00d6ffentlichkeit zu sch\u00fctzen<\/li>\r\n<li>sich vor jeglicher gesetzlichen Haftung zu sch\u00fctzen.<\/li>\r\n<\/ul>\r\n<h4>Datensicherheit<\/h4>\r\n<p>Die Sicherheit Ihrer Daten ist uns wichtig. Bitte beachten Sie jedoch, dass keine Methode der \u00dcbertragung \u00fcber das Internet oder der elektronischen Speicherung zu 100 % sicher ist. Unter Ber\u00fccksichtigung des Stands der Technik und der Kosten der Umsetzung, sowie der Art, des Gegenstandes, des Kontextes und des Zwecks der Verarbeitung, sowie des Risikos unterschiedlicher Eintrittswahrscheinlichkeit und Schwere f\u00fcr die Rechte und Freiheiten nat\u00fcrlicher Personen, sind wir bestrebt, angemessene technische und organisatorische Ma\u00dfnahmen treffen, um ein dem Risiko angemessenes Sicherheitsniveau zu gew\u00e4hrleisten, jedoch keine absolute Sicherheit gew\u00e4hrleisten zu k\u00f6nnen.<\/p>\r\n<h4>Ihre Datenschutzrechte nach der Datenschutzgrundverordnung (DSGVO)<\/h4>\r\n<p>Wenn Sie im Europ\u00e4ischen Wirtschaftsraum (EWR) ans\u00e4ssig sind, haben Sie bestimmte Rechte in Bezug auf den Datenschutz. PRIMA Lab SA ist bestrebt, angemessene Schritte zu unternehmen, um dem Benutzer die Berichtigung, \u00c4nderung, L\u00f6schung oder Einschr\u00e4nkung der Verwendung seiner personenbezogenen Daten zu erm\u00f6glichen.<\/p>\r\n<p>Wenn Sie \u00fcber die von uns gespeicherten personenbezogenen Daten informiert und aus unseren Systemen entfernt werden m\u00f6chten, kontaktieren Sie uns bitte unter <a href=\"http:\/\/www.primalabsa.ch\/contacts\">www.primalabsa.ch\/de\/contacts<\/a>.<\/p>\r\n<p>Unter bestimmten Umst\u00e4nden haben Sie in Bezug auf den Datenschutz folgende Rechte:<\/p>\r\n<ul>\r\n<li>Das Recht, die Informationen, die wir \u00fcber Sie haben, zuzugreifen, zu aktualisieren oder zu l\u00f6schen<\/li>\r\n<li><u>Das Berichtigungsrecht<\/u>: Sie haben das Recht, Ihre Daten zu berichtigen, wenn diese Informationen unrichtig oder unvollst\u00e4ndig sind<\/li>\r\n<li><u>Das Widerspruchsrecht<\/u>: Sie haben das Recht, unserer Verarbeitung Ihrer personenbezogenen Daten zu widersprechen<\/li>\r\n<li><u>Das Recht auf Einschr\u00e4nkung der Verarbeitung<\/u>: Sie haben das Recht, von uns die Einschr\u00e4nkung der Verarbeitung Ihrer personenbezogenen Daten zu verlangen<\/li>\r\n<li><u>Das Recht auf Daten\u00fcbertragbarkeit: Sie<\/u> haben das Recht, eine Kopie der bei uns \u00fcber Sie gespeicherten Informationen in einem strukturierten, g\u00e4ngigen und maschinenlesbaren Format zu erhalten<\/li>\r\n<li><u>Das Recht auf Widerruf der<\/u> Einwilligung: Sie haben auch das Recht, Ihre Einwilligung jederzeit zu widerrufen, wenn sich PRIMA Lab SA bei der Verarbeitung Ihrer personenbezogenen Daten darauf st\u00fctzte<\/li>\r\n<li><u>Das Recht, eine Verletzung des Schutzes personenbezogener Daten<\/u> zu melden: Bitte beachten Sie, dass wir Sie m\u00f6glicherweise bitten k\u00f6nnen, Ihre Identit\u00e4t zu \u00fcberpr\u00fcfen, bevor wir auf solche Anfragen reagieren<\/li>\r\n<li>Sie haben das Recht, Anzeige bei einer Datenschutzbeh\u00f6rde \u00fcber unsere Erhebung und Verwendung Ihrer personenbezogenen Daten zu erstatten. F\u00fcr weitere Informationen wenden Sie sich bitte an Ihre lokale Datenschutzbeh\u00f6rde im Europ\u00e4ischen Wirtschaftsraum (EWR).<\/li>\r\n<\/ul>\r\n<h2>Dienstleister<\/h2>\r\n<p>Wir k\u00f6nnen Drittunternehmen und Einzelpersonen (&#8222;Dienstleister&#8220;) beauftragen, um uns bei der Analyse der Nutzung unseres Dienstes zu unterst\u00fctzen.<\/p>\r\n<p>Diese Dritten haben nur zur Durchf\u00fchrung dieser T\u00e4tigkeiten in unserem Auftrag Zugriff auf Ihre personenbezogenen Daten und sind verpflichtet, diese nicht weiterzugeben oder f\u00fcr andere Zwecke zu verwenden.<\/p>\r\n<p>Dabei handelt es sich insbesondere darum:<\/p>\r\n<ul>\r\n<li><strong>Google Analytics<\/strong>: Es ist ein kostenloser Webanalysedienst von Google, mit dem Sie detaillierte Statistiken \u00fcber die Besucher einer Website analysieren k\u00f6nnen. Durch den Einsatz von Google Analytics ist es m\u00f6glich zu erkennen, welche Seiten von Besuchern einer Site am h\u00e4ufigsten aufgerufen werden, ihre Herkunft (Referrer), wie lange sie auf der Site verweilt und ihre geografische Position. Weitere Informationen zu den Datenschutzbestimmungen von Google: <a href=\"https:\/\/policies.google.com\/privacy\">https:\/\/policies.google.com\/privacy<\/a><\/li>\r\n<\/ul>\r\n<h2>Links zu anderen Seiten<\/h2>\r\n<p>Unser Dienst kann Links zu anderen Websites enthalten, die nicht von uns betrieben werden. Wenn Sie auf einen Link eines Drittanbieters klicken, werden Sie auf die Website dieses Drittanbieters weitergeleitet. Wir empfehlen Ihnen dringend, die Datenschutzhinweise jeder von Ihnen besuchten Website zu lesen.<\/p>\r\n<p>Wir haben keine Kontrolle \u00fcber und \u00fcbernehmen keine Verantwortung f\u00fcr den Inhalt, die Datenschutzrichtlinien oder Praktiken von Websites oder Diensten Dritter.<\/p>\r\n<h2>Datenschutz von Minderj\u00e4hrigen<\/h2>\r\n<p>Unser Service richtet sich nicht an Personen unter 18 Jahren (&#8222;Kinder&#8220;).<\/p>\r\n<p>Wir sammeln wissentlich keine personenbezogenen Daten von Personen unter 18 Jahren. Wenn Sie ein Elternteil oder Erziehungsberechtigter sind und wissen, dass Ihre Kinder uns personenbezogene Daten zur Verf\u00fcgung gestellt haben, kontaktieren Sie uns bitte. Wenn wir feststellen, dass wir personenbezogene Daten von Minderj\u00e4hrigen gesammelt haben, ohne die Zustimmung der Eltern zu \u00fcberpr\u00fcfen, ergreifen wir Ma\u00dfnahmen, um diese Informationen von unseren Servern zu entfernen.<\/p>\r\n<h2>\u00c4nderungen dieser Richtlinie<\/h2>\r\n<p>Wir k\u00f6nnen die Datenschutz-Verhaltensregeln von Zeit zu Zeit aktualisieren. Wir werden Sie \u00fcber alle \u00c4nderungen informieren, indem wir die neue Richtlinie auf dieser Seite ver\u00f6ffentlichen.<\/p>\r\n<p>Wir empfehlen Ihnen, diese Datenschutzrichtlinie regelm\u00e4\u00dfig auf \u00c4nderungen zu \u00fcberpr\u00fcfen, die ab dem Zeitpunkt der Ver\u00f6ffentlichung auf dieser Seite angewendet werden.<\/p>\r\n<h2>Kontakte<\/h2>\r\n<p>Wenn Sie Fragen zu dieser Mitteilung haben, k\u00f6nnen Sie uns kontaktieren:<\/p>\r\n<ul>\r\n<li>\u00dcber das Kontaktformular: <a href=\"https:\/\/primalabsa.ch\/de\/contacts\/\">https:\/\/primalabsa.ch\/de\/contacts\/<\/a><\/li>\r\n<li>Durch den Besuch dieser Seite auf unserer Website: <a href=\"https:\/\/primalabsa.ch\/de\/privacy\/\">https:\/\/primalabsa.ch\/de\/privacy\/<\/a><\/li>\r\n<li>Telefonisch: +41 (0) 91 605 10 30<\/li>\r\n<\/ul>","protected":false},"excerpt":{"rendered":"<p>Datum des Inkrafttretens: 11.12.2021 \u00dcber uns PRIMA Lab SA Via Antonio Monti, 7 CH-6828 Balerna, Schweiz Inhaber der Website www.primalabsa.ch (&#8222;Dienst&#8220;). Definitionen Dienst: Dies ist die Website www.primalabsa.ch, die von PRIMA Lab SA verwaltet wird. Personenbezogene Daten: Daten, die die Identifizierung einer nat\u00fcrlichen Person erm\u00f6glichen (Name, Nachname, Geschlecht oder andere Informationen, die in unserem Besitz [&hellip;]<\/p>\n","protected":false},"author":1,"featured_media":0,"parent":0,"menu_order":0,"comment_status":"closed","ping_status":"open","template":"","meta":{"footnotes":""},"class_list":["post-16","page","type-page","status-publish","hentry"],"acf":[],"aioseo_notices":[],"_links":{"self":[{"href":"https:\/\/primalabsa.ch\/de\/wp-json\/wp\/v2\/pages\/16","targetHints":{"allow":["GET"]}}],"collection":[{"href":"https:\/\/primalabsa.ch\/de\/wp-json\/wp\/v2\/pages"}],"about":[{"href":"https:\/\/primalabsa.ch\/de\/wp-json\/wp\/v2\/types\/page"}],"author":[{"embeddable":true,"href":"https:\/\/primalabsa.ch\/de\/wp-json\/wp\/v2\/users\/1"}],"replies":[{"embeddable":true,"href":"https:\/\/primalabsa.ch\/de\/wp-json\/wp\/v2\/comments?post=16"}],"version-history":[{"count":52,"href":"https:\/\/primalabsa.ch\/de\/wp-json\/wp\/v2\/pages\/16\/revisions"}],"predecessor-version":[{"id":2083,"href":"https:\/\/primalabsa.ch\/de\/wp-json\/wp\/v2\/pages\/16\/revisions\/2083"}],"wp:attachment":[{"href":"https:\/\/primalabsa.ch\/de\/wp-json\/wp\/v2\/media?parent=16"}],"curies":[{"name":"wp","href":"https:\/\/api.w.org\/{rel}","templated":true}]}}